{"id":213,"date":"2020-10-23T14:34:47","date_gmt":"2020-10-23T14:34:47","guid":{"rendered":"http:\/\/www.vonbergensa.ch\/contact\/"},"modified":"2022-02-03T13:13:15","modified_gmt":"2022-02-03T11:13:15","slug":"contact","status":"publish","type":"page","link":"https:\/\/www.vonbergensa.ch\/de\/contact\/","title":{"rendered":"Kontakt"},"content":{"rendered":"<div class=\"wpb-content-wrapper\"><p>[vc_row el_class=&#8220;header apropos&#8220;][vc_column][vc_row_inner][vc_column_inner width=&#8220;1\/2&#8243;][vc_column_text]<\/p>\n<h1>Kontaktieren Sie uns<\/h1>\n<p>[\/vc_column_text][vc_column_text]<\/p>\n<div class=\"wpb_text_column wpb_content_element \">\n<div class=\"wpb_wrapper\">\n<p>F\u00fcr weitere Fragen und Ausk\u00fcnfte zu unseren Ausbildungen und Dienstleistungen wenden Sie sich bitte direkt an die unten aufgef\u00fchrten Kan\u00e4le:<\/p>\n<\/div>\n<\/div>\n<p>[\/vc_column_text][\/vc_column_inner][vc_column_inner width=&#8220;1\/2&#8243;][\/vc_column_inner][\/vc_row_inner][\/vc_column][\/vc_row][vc_row full_width=&#8220;stretch_row&#8220; css=&#8220;.vc_custom_1606819462466{background-color: #e6f0ee !important;}&#8220; el_id=&#8220;international&#8220; el_class=&#8220;services&#8220;][vc_column][vc_row_inner css=&#8220;.vc_custom_1606819590918{padding-bottom: 0px !important;}&#8220;][vc_column_inner el_class=&#8220;white&#8220; width=&#8220;1\/2&#8243;][vc_column_text el_class=&#8220;title&#8220;]<\/p>\n<h3>Nationale Transporte<\/h3>\n<p><strong>Tel.<\/strong> : +41 26 676 60 74<br \/>\n<strong>Mail<\/strong> :\u00a0<a href=\"mailto:suisse@vonbergensa.ch\">suisse@vonbergensa.ch<\/a>[\/vc_column_text][\/vc_column_inner][vc_column_inner el_class=&#8220;white&#8220; width=&#8220;1\/2&#8243;][vc_column_text]<\/p>\n<h3>Internationale Transporte<\/h3>\n<p><strong>Tel.<\/strong> : +41 26 676 60 81<br \/>\n<strong>Mail<\/strong> :\u00a0<a href=\"mailto:international@vonbergensa.ch\">international@vonbergensa.ch<\/a>[\/vc_column_text][\/vc_column_inner][\/vc_row_inner][vc_row_inner css=&#8220;.vc_custom_1606830941773{padding-top: 0px !important;padding-bottom: 0px !important;}&#8220;][vc_column_inner el_class=&#8220;white&#8220; width=&#8220;1\/2&#8243;][vc_column_text]<\/p>\n<h3>Logistik<\/h3>\n<p><strong>Tel.<\/strong> : +41 26 676 60 30<br \/>\n<strong>Mail<\/strong> :\u00a0<a href=\"mailto:logistique@vonbergensa.ch\">logistique@vonbergensa.ch<\/a>[\/vc_column_text][\/vc_column_inner][vc_column_inner el_class=&#8220;white&#8220; width=&#8220;1\/2&#8243;][vc_column_text]<\/p>\n<h3>Industrielle Umz\u00fcge, Kistenfabrikation<\/h3>\n<p><strong>Tel.<\/strong> : +41 32 925 90 71<br \/>\n<strong>Mail<\/strong> :\u00a0<a href=\"mailto:manutention@vonbergensa.ch\">manutention@vonbergensa.ch<\/a>[\/vc_column_text][\/vc_column_inner][\/vc_row_inner][vc_row_inner css=&#8220;.vc_custom_1606830946815{padding-top: 0px !important;}&#8220;][vc_column_inner el_class=&#8220;white&#8220; width=&#8220;1\/2&#8243;][vc_column_text]<\/p>\n<h3>Ausbildung<\/h3>\n<p><strong>Tel.<\/strong> : +41 26 676 60 02<br \/>\n<strong>Mail<\/strong> :\u00a0<a href=\"mailto:corinne.jalosinski@vonbergensa.ch\">corinne.jalosinski@vonbergensa.ch<\/a>[\/vc_column_text][\/vc_column_inner][vc_column_inner width=&#8220;1\/2&#8243;][\/vc_column_inner][\/vc_row_inner][\/vc_column][\/vc_row][vc_row full_width=&#8220;stretch_row&#8220;][vc_column width=&#8220;1\/2&#8243;][vc_column_text]<\/p>\n<div class=\"wpb_column vc_column_container vc_col-sm-6\">\n<div class=\"vc_column-inner\">\n<div class=\"wpb_wrapper\">\n<div class=\"wpb_text_column wpb_content_element \">\n<div class=\"wpb_wrapper\">\n<h2>Mehr Informationen?<\/h2>\n<\/div>\n<\/div>\n<\/div>\n<\/div>\n<\/div>\n<p>[\/vc_column_text][\/vc_column][vc_column width=&#8220;1\/2&#8243;]<style id=\"wpforms-css-vars-1323\">\n\t\t\t\t#wpforms-1323 {\n\t\t\t\t--wpforms-field-border-radius: 0px;\n--wpforms-field-border-color: #ccc;\n--wpforms-field-border-color-spare: #ccc;\n--wpforms-field-text-color: rgba(0, 0, 0, 0.7);\n--wpforms-label-color: rgba(0, 0, 0, 0.85);\n--wpforms-label-sublabel-color: rgba(0, 0, 0, 0.55);\n--wpforms-button-border-radius: 0px;\n--wpforms-button-background-color: #006955;\n--wpforms-button-border-color: #006955;\n--wpforms-container-border-radius: 0px;\n--wpforms-background-color: rgba(0, 0, 0, 0);\n--wpforms-field-size-input-height: 43px;\n--wpforms-field-size-input-spacing: 15px;\n--wpforms-field-size-font-size: 16px;\n--wpforms-field-size-line-height: 19px;\n--wpforms-field-size-padding-h: 14px;\n--wpforms-field-size-checkbox-size: 16px;\n--wpforms-field-size-sublabel-spacing: 5px;\n--wpforms-field-size-icon-size: 1;\n--wpforms-label-size-font-size: 16px;\n--wpforms-label-size-line-height: 19px;\n--wpforms-label-size-sublabel-font-size: 14px;\n--wpforms-label-size-sublabel-line-height: 17px;\n--wpforms-button-size-font-size: 17px;\n--wpforms-button-size-height: 41px;\n--wpforms-button-size-padding-h: 15px;\n--wpforms-button-size-margin-top: 10px;\n--wpforms-container-shadow-size-box-shadow: none;\n\t\t\t}\n\t\t\t<\/style><div class=\"wpforms-container wpforms-container-full wpforms-render-modern\" id=\"wpforms-1323\"><form id=\"wpforms-form-1323\" class=\"wpforms-validate wpforms-form\" data-formid=\"1323\" method=\"post\" enctype=\"multipart\/form-data\" action=\"\/de\/wp-json\/wp\/v2\/pages\/213\" data-token=\"67d070633ed5c6d479356b42aebf2a06\" data-token-time=\"1778074663\"><noscript class=\"wpforms-error-noscript\">Bitte aktiviere JavaScript in deinem Browser, um dieses Formular fertigzustellen.<\/noscript><div id=\"wpforms-error-noscript\" style=\"display: none;\">Bitte aktiviere JavaScript in deinem Browser, um dieses Formular fertigzustellen.<\/div><div class=\"wpforms-field-container\"><div id=\"wpforms-1323-field_7-container\" class=\"wpforms-field wpforms-field-select wpforms-conditional-trigger wpforms-field-select-style-classic\" data-field-id=\"7\"><label class=\"wpforms-field-label\" for=\"wpforms-1323-field_7\">Art der Anfrage<\/label><select id=\"wpforms-1323-field_7\" class=\"wpforms-field-medium\" name=\"wpforms[fields][7]\"><option value=\"Allgemeine Informationen\"  class=\"choice-2 depth-1\"  >Allgemeine Informationen<\/option><option value=\"Anfrage Angebot\"  class=\"choice-1 depth-1\"  >Anfrage Angebot<\/option><\/select><\/div><div id=\"wpforms-1323-field_8-container\" class=\"wpforms-field wpforms-field-text wpforms-conditional-field wpforms-conditional-show\" data-field-id=\"8\" style=\"display:none;\"><label class=\"wpforms-field-label\" for=\"wpforms-1323-field_8\">Name des Unternehmens oder privat <span class=\"wpforms-required-label\" aria-hidden=\"true\">*<\/span><\/label><input type=\"text\" id=\"wpforms-1323-field_8\" class=\"wpforms-field-medium wpforms-field-required\" name=\"wpforms[fields][8]\" aria-errormessage=\"wpforms-1323-field_8-error\" required><\/div><div id=\"wpforms-1323-field_9-container\" class=\"wpforms-field wpforms-field-text wpforms-conditional-field wpforms-conditional-show\" data-field-id=\"9\" style=\"display:none;\"><label class=\"wpforms-field-label\" for=\"wpforms-1323-field_9\">Vollst\u00e4ndige Adresse (Stra\u00dfe, Nr., PLZ, Ort) <span class=\"wpforms-required-label\" aria-hidden=\"true\">*<\/span><\/label><input type=\"text\" id=\"wpforms-1323-field_9\" class=\"wpforms-field-medium wpforms-field-required\" name=\"wpforms[fields][9]\" aria-errormessage=\"wpforms-1323-field_9-error\" required><\/div><div id=\"wpforms-1323-field_10-container\" class=\"wpforms-field wpforms-field-text wpforms-conditional-field wpforms-conditional-show\" data-field-id=\"10\" style=\"display:none;\"><label class=\"wpforms-field-label\" for=\"wpforms-1323-field_10\">Telefonnummer <span class=\"wpforms-required-label\" aria-hidden=\"true\">*<\/span><\/label><input type=\"text\" id=\"wpforms-1323-field_10\" class=\"wpforms-field-medium wpforms-field-required\" name=\"wpforms[fields][10]\" aria-errormessage=\"wpforms-1323-field_10-error\" required><\/div><div id=\"wpforms-1323-field_1-container\" class=\"wpforms-field wpforms-field-text\" data-field-id=\"1\"><label class=\"wpforms-field-label\" for=\"wpforms-1323-field_1\">Name <span class=\"wpforms-required-label\" aria-hidden=\"true\">*<\/span><\/label><input type=\"text\" id=\"wpforms-1323-field_1\" class=\"wpforms-field-medium wpforms-field-required\" name=\"wpforms[fields][1]\" aria-errormessage=\"wpforms-1323-field_1-error\" required><\/div><div id=\"wpforms-1323-field_2-container\" class=\"wpforms-field wpforms-field-text\" data-field-id=\"2\"><label class=\"wpforms-field-label\" for=\"wpforms-1323-field_2\"> Vorname <span class=\"wpforms-required-label\" aria-hidden=\"true\">*<\/span><\/label><input type=\"text\" id=\"wpforms-1323-field_2\" class=\"wpforms-field-medium wpforms-field-required\" name=\"wpforms[fields][2]\" aria-errormessage=\"wpforms-1323-field_2-error\" required><\/div><div id=\"wpforms-1323-field_6-container\" class=\"wpforms-field wpforms-field-email\" data-field-id=\"6\"><label class=\"wpforms-field-label\" for=\"wpforms-1323-field_6\">E-mail <span class=\"wpforms-required-label\" aria-hidden=\"true\">*<\/span><\/label><input type=\"email\" id=\"wpforms-1323-field_6\" class=\"wpforms-field-medium wpforms-field-required\" name=\"wpforms[fields][6]\" spellcheck=\"false\" aria-errormessage=\"wpforms-1323-field_6-error\" required><\/div><div id=\"wpforms-1323-field_4-container\" class=\"wpforms-field wpforms-field-select wpforms-field-select-style-classic\" data-field-id=\"4\"><label class=\"wpforms-field-label\" for=\"wpforms-1323-field_4\">Dienste<\/label><select id=\"wpforms-1323-field_4\" class=\"wpforms-field-medium\" name=\"wpforms[fields][4]\"><option value=\"Nationale Transporte\"  class=\"choice-1 depth-1\"  >Nationale Transporte<\/option><option value=\"Internationale Transporte\"  class=\"choice-2 depth-1\"  >Internationale Transporte<\/option><option value=\"Logistik\"  class=\"choice-3 depth-1\"  >Logistik<\/option><option value=\"Industrielle Umz\u00fcge, Kistenfabrikation\"  class=\"choice-4 depth-1\"  >Industrielle Umz\u00fcge, Kistenfabrikation<\/option><option value=\"Ausbildung\"  class=\"choice-5 depth-1\"  >Ausbildung<\/option><\/select><\/div><div id=\"wpforms-1323-field_5-container\" class=\"wpforms-field wpforms-field-textarea\" data-field-id=\"5\"><label class=\"wpforms-field-label\" for=\"wpforms-1323-field_5\">Nachricht<\/label><textarea id=\"wpforms-1323-field_5\" class=\"wpforms-field-medium\" name=\"wpforms[fields][5]\" aria-errormessage=\"wpforms-1323-field_5-error\" ><\/textarea><\/div><div id=\"wpforms-1323-field_11-container\" class=\"wpforms-field wpforms-field-select wpforms-field-select-style-classic\" data-field-id=\"11\"><label class=\"wpforms-field-label\" for=\"wpforms-1323-field_11\">Wie haben Sie von Bergen kennengelernt? <span class=\"wpforms-required-label\" aria-hidden=\"true\">*<\/span><\/label><select id=\"wpforms-1323-field_11\" class=\"wpforms-field-medium wpforms-field-required\" name=\"wpforms[fields][11]\" required=\"required\"><option value=\"\" class=\"placeholder\" disabled  selected='selected'>W\u00e4hlen Sie<\/option><option value=\"Kontakt - Pers\u00f6nliche Bekanntschaft\"  class=\"choice-1 depth-1\"  >Kontakt - Pers\u00f6nliche Bekanntschaft<\/option><option value=\"Telefon\"  class=\"choice-2 depth-1\"  >Telefon<\/option><option value=\"Newsletter\"  class=\"choice-3 depth-1\"  >Newsletter<\/option><option value=\"Website\"  class=\"choice-4 depth-1\"  >Website<\/option><option value=\"Soziale Netzwerke\"  class=\"choice-5 depth-1\"  >Soziale Netzwerke<\/option><option value=\"Sonstiges\"  class=\"choice-6 depth-1\"  >Sonstiges<\/option><\/select><\/div><\/div><!-- .wpforms-field-container --><div class=\"wpforms-submit-container\" ><input type=\"hidden\" name=\"wpforms[id]\" value=\"1323\"><input type=\"hidden\" name=\"page_title\" value=\"\"><input type=\"hidden\" name=\"page_url\" value=\"https:\/\/www.vonbergensa.ch\/de\/wp-json\/wp\/v2\/pages\/213\"><input type=\"hidden\" name=\"url_referer\" value=\"\"><button type=\"submit\" name=\"wpforms[submit]\" id=\"wpforms-submit-1323\" class=\"wpforms-submit\" data-alt-text=\"Senden...\" data-submit-text=\"Senden\" aria-live=\"assertive\" value=\"wpforms-submit\">Senden<\/button><\/div><\/form><\/div>  <!-- .wpforms-container -->[\/vc_column][\/vc_row]<\/p>\n<\/div>","protected":false},"excerpt":{"rendered":"<p>[vc_row el_class=&#8220;header apropos&#8220;][vc_column][vc_row_inner][vc_column_inner width=&#8220;1\/2&#8243;][vc_column_text] Kontaktieren Sie uns [\/vc_column_text][vc_column_text] F\u00fcr weitere Fragen und Ausk\u00fcnfte zu unseren Ausbildungen und Dienstleistungen wenden Sie sich bitte direkt an die unten aufgef\u00fchrten Kan\u00e4le: [\/vc_column_text][\/vc_column_inner][vc_column_inner width=&#8220;1\/2&#8243;][\/vc_column_inner][\/vc_row_inner][\/vc_column][\/vc_row][vc_row full_width=&#8220;stretch_row&#8220; css=&#8220;.vc_custom_1606819462466{background-color: #e6f0ee !important;}&#8220; el_id=&#8220;international&#8220; el_class=&#8220;services&#8220;][vc_column][vc_row_inner css=&#8220;.vc_custom_1606819590918{padding-bottom: 0px !important;}&#8220;][vc_column_inner el_class=&#8220;white&#8220; width=&#8220;1\/2&#8243;][vc_column_text el_class=&#8220;title&#8220;] Nationale Transporte Tel. : +41 26 676 60 74 Mail :\u00a0suisse@vonbergensa.ch[\/vc_column_text][\/vc_column_inner][vc_column_inner el_class=&#8220;white&#8220; width=&#8220;1\/2&#8243;][vc_column_text] [&hellip;]<\/p>\n","protected":false},"author":2,"featured_media":0,"parent":0,"menu_order":0,"comment_status":"closed","ping_status":"closed","template":"","meta":{"_acf_changed":false,"inline_featured_image":false,"footnotes":""},"class_list":["post-213","page","type-page","status-publish","hentry"],"acf":[],"yoast_head":"<!-- This site is optimized with the Yoast SEO plugin v27.5 - https:\/\/yoast.com\/product\/yoast-seo-wordpress\/ -->\n<title>Transports von Bergen SA | Kontakt<\/title>\n<meta name=\"description\" content=\"F\u00fcr weitere Fragen und Ausk\u00fcnfte zu unseren Ausbildungen und Dienstleistungen wenden Sie sich bitte direkt an die unten aufgef\u00fchrten Kan\u00e4le.\" \/>\n<meta name=\"robots\" content=\"index, follow, max-snippet:-1, max-image-preview:large, max-video-preview:-1\" \/>\n<link rel=\"canonical\" href=\"https:\/\/www.vonbergensa.ch\/de\/contact\/\" \/>\n<meta property=\"og:locale\" content=\"de_DE\" \/>\n<meta property=\"og:type\" content=\"article\" \/>\n<meta property=\"og:title\" content=\"Transports von Bergen SA | Kontakt\" \/>\n<meta property=\"og:description\" content=\"F\u00fcr weitere Fragen und Ausk\u00fcnfte zu unseren Ausbildungen und Dienstleistungen wenden Sie sich bitte direkt an die unten aufgef\u00fchrten Kan\u00e4le.\" \/>\n<meta property=\"og:url\" content=\"https:\/\/www.vonbergensa.ch\/de\/contact\/\" \/>\n<meta property=\"og:site_name\" content=\"Transports von Bergen SA\" \/>\n<meta property=\"article:modified_time\" content=\"2022-02-03T11:13:15+00:00\" \/>\n<meta name=\"twitter:card\" content=\"summary_large_image\" \/>\n<meta name=\"twitter:label1\" content=\"Gesch\u00e4tzte Lesezeit\" \/>\n\t<meta name=\"twitter:data1\" content=\"1\u00a0Minute\" \/>\n<script type=\"application\/ld+json\" class=\"yoast-schema-graph\">{\"@context\":\"https:\\\/\\\/schema.org\",\"@graph\":[{\"@type\":\"WebPage\",\"@id\":\"https:\\\/\\\/www.vonbergensa.ch\\\/de\\\/contact\\\/\",\"url\":\"https:\\\/\\\/www.vonbergensa.ch\\\/de\\\/contact\\\/\",\"name\":\"Transports von Bergen SA | Kontakt\",\"isPartOf\":{\"@id\":\"https:\\\/\\\/www.vonbergensa.ch\\\/de\\\/#website\"},\"datePublished\":\"2020-10-23T14:34:47+00:00\",\"dateModified\":\"2022-02-03T11:13:15+00:00\",\"description\":\"F\u00fcr weitere Fragen und Ausk\u00fcnfte zu unseren Ausbildungen und Dienstleistungen wenden Sie sich bitte direkt an die unten aufgef\u00fchrten Kan\u00e4le.\",\"breadcrumb\":{\"@id\":\"https:\\\/\\\/www.vonbergensa.ch\\\/de\\\/contact\\\/#breadcrumb\"},\"inLanguage\":\"de\",\"potentialAction\":[{\"@type\":\"ReadAction\",\"target\":[\"https:\\\/\\\/www.vonbergensa.ch\\\/de\\\/contact\\\/\"]}]},{\"@type\":\"BreadcrumbList\",\"@id\":\"https:\\\/\\\/www.vonbergensa.ch\\\/de\\\/contact\\\/#breadcrumb\",\"itemListElement\":[{\"@type\":\"ListItem\",\"position\":1,\"name\":\"Home\",\"item\":\"https:\\\/\\\/www.vonbergensa.ch\\\/de\\\/\"},{\"@type\":\"ListItem\",\"position\":2,\"name\":\"Kontakt\"}]},{\"@type\":\"WebSite\",\"@id\":\"https:\\\/\\\/www.vonbergensa.ch\\\/de\\\/#website\",\"url\":\"https:\\\/\\\/www.vonbergensa.ch\\\/de\\\/\",\"name\":\"Transports von Bergen SA\",\"description\":\"\",\"potentialAction\":[{\"@type\":\"SearchAction\",\"target\":{\"@type\":\"EntryPoint\",\"urlTemplate\":\"https:\\\/\\\/www.vonbergensa.ch\\\/de\\\/?s={search_term_string}\"},\"query-input\":{\"@type\":\"PropertyValueSpecification\",\"valueRequired\":true,\"valueName\":\"search_term_string\"}}],\"inLanguage\":\"de\"}]}<\/script>\n<!-- \/ Yoast SEO plugin. -->","yoast_head_json":{"title":"Transports von Bergen SA | Kontakt","description":"F\u00fcr weitere Fragen und Ausk\u00fcnfte zu unseren Ausbildungen und Dienstleistungen wenden Sie sich bitte direkt an die unten aufgef\u00fchrten Kan\u00e4le.","robots":{"index":"index","follow":"follow","max-snippet":"max-snippet:-1","max-image-preview":"max-image-preview:large","max-video-preview":"max-video-preview:-1"},"canonical":"https:\/\/www.vonbergensa.ch\/de\/contact\/","og_locale":"de_DE","og_type":"article","og_title":"Transports von Bergen SA | Kontakt","og_description":"F\u00fcr weitere Fragen und Ausk\u00fcnfte zu unseren Ausbildungen und Dienstleistungen wenden Sie sich bitte direkt an die unten aufgef\u00fchrten Kan\u00e4le.","og_url":"https:\/\/www.vonbergensa.ch\/de\/contact\/","og_site_name":"Transports von Bergen SA","article_modified_time":"2022-02-03T11:13:15+00:00","twitter_card":"summary_large_image","twitter_misc":{"Gesch\u00e4tzte Lesezeit":"1\u00a0Minute"},"schema":{"@context":"https:\/\/schema.org","@graph":[{"@type":"WebPage","@id":"https:\/\/www.vonbergensa.ch\/de\/contact\/","url":"https:\/\/www.vonbergensa.ch\/de\/contact\/","name":"Transports von Bergen SA | Kontakt","isPartOf":{"@id":"https:\/\/www.vonbergensa.ch\/de\/#website"},"datePublished":"2020-10-23T14:34:47+00:00","dateModified":"2022-02-03T11:13:15+00:00","description":"F\u00fcr weitere Fragen und Ausk\u00fcnfte zu unseren Ausbildungen und Dienstleistungen wenden Sie sich bitte direkt an die unten aufgef\u00fchrten Kan\u00e4le.","breadcrumb":{"@id":"https:\/\/www.vonbergensa.ch\/de\/contact\/#breadcrumb"},"inLanguage":"de","potentialAction":[{"@type":"ReadAction","target":["https:\/\/www.vonbergensa.ch\/de\/contact\/"]}]},{"@type":"BreadcrumbList","@id":"https:\/\/www.vonbergensa.ch\/de\/contact\/#breadcrumb","itemListElement":[{"@type":"ListItem","position":1,"name":"Home","item":"https:\/\/www.vonbergensa.ch\/de\/"},{"@type":"ListItem","position":2,"name":"Kontakt"}]},{"@type":"WebSite","@id":"https:\/\/www.vonbergensa.ch\/de\/#website","url":"https:\/\/www.vonbergensa.ch\/de\/","name":"Transports von Bergen SA","description":"","potentialAction":[{"@type":"SearchAction","target":{"@type":"EntryPoint","urlTemplate":"https:\/\/www.vonbergensa.ch\/de\/?s={search_term_string}"},"query-input":{"@type":"PropertyValueSpecification","valueRequired":true,"valueName":"search_term_string"}}],"inLanguage":"de"}]}},"_links":{"self":[{"href":"https:\/\/www.vonbergensa.ch\/de\/wp-json\/wp\/v2\/pages\/213","targetHints":{"allow":["GET"]}}],"collection":[{"href":"https:\/\/www.vonbergensa.ch\/de\/wp-json\/wp\/v2\/pages"}],"about":[{"href":"https:\/\/www.vonbergensa.ch\/de\/wp-json\/wp\/v2\/types\/page"}],"author":[{"embeddable":true,"href":"https:\/\/www.vonbergensa.ch\/de\/wp-json\/wp\/v2\/users\/2"}],"replies":[{"embeddable":true,"href":"https:\/\/www.vonbergensa.ch\/de\/wp-json\/wp\/v2\/comments?post=213"}],"version-history":[{"count":4,"href":"https:\/\/www.vonbergensa.ch\/de\/wp-json\/wp\/v2\/pages\/213\/revisions"}],"predecessor-version":[{"id":1327,"href":"https:\/\/www.vonbergensa.ch\/de\/wp-json\/wp\/v2\/pages\/213\/revisions\/1327"}],"wp:attachment":[{"href":"https:\/\/www.vonbergensa.ch\/de\/wp-json\/wp\/v2\/media?parent=213"}],"curies":[{"name":"wp","href":"https:\/\/api.w.org\/{rel}","templated":true}]}}