{"id":4125,"date":"2026-04-15T11:11:13","date_gmt":"2026-04-15T09:11:13","guid":{"rendered":"https:\/\/www.vonbergensa.ch\/?page_id=4125"},"modified":"2026-04-15T11:57:23","modified_gmt":"2026-04-15T09:57:23","slug":"nachhaltigkeit","status":"publish","type":"page","link":"https:\/\/www.vonbergensa.ch\/de\/nachhaltigkeit\/","title":{"rendered":"Nachhaltigkeit"},"content":{"rendered":"<div class=\"wpb-content-wrapper\"><p>[vc_row][vc_column][vc_row_inner css=&#8220;.vc_custom_1774969495819{padding-bottom: 0px !important;}&#8220; el_class=&#8220;header simple&#8220;][vc_column_inner][vc_column_text css=&#8220;&#8220;]<\/p>\n<h1>Wir handeln verantwortungsvoll<\/h1>\n<p>Bei von Bergen SA integrieren wir verantwortungsvolle Praktiken in unsere Gesch\u00e4ftst\u00e4tigkeit.<br \/>\nUnsere Umweltbelastung reduzieren, Ihre Betriebsabl\u00e4ufe st\u00e4rken: ein konkretes, messbares und transparentes Engagement.[\/vc_column_text][\/vc_column_inner][\/vc_row_inner][\/vc_column][\/vc_row][vc_row css=&#8220;.vc_custom_1636993375886{padding-top: 0px !important;}&#8220;][vc_column][vc_single_image image=&#8220;4062&#8243; img_size=&#8220;full&#8220; alignment=&#8220;center&#8220; css=&#8220;&#8220;][\/vc_column][\/vc_row][vc_row full_width=&#8220;stretch_row&#8220; css=&#8220;.vc_custom_1604325696302{background-color: #e4efed !important;}&#8220;][vc_column][vc_row_inner el_class=&#8220;white&#8220; el_id=&#8220;unsere-massnahmen&#8220;][vc_column_inner][vc_column_text css=&#8220;.vc_custom_1776244488350{margin-bottom: 40px !important;}&#8220;]<\/p>\n<h2>Konkrete Massnahmen, ab heute<\/h2>\n<p>Bei von Bergen SA bedeutet Nachhaltigkeit bereits umgesetzte Massnahmen, die in unsere t\u00e4glichen Betriebsabl\u00e4ufe integriert sind \u2013 mit dem Ziel, unsere Umweltbelastung zu verringern und gleichzeitig die Zuverl\u00e4ssigkeit und Leistungsf\u00e4higkeit Ihrer Transporte zu gew\u00e4hrleisten.<\/p>\n<p>Unser Standort in Domdidier ist mit 10\u2019000 m\u00b2 Solarpanelen ausgestattet, und wir beziehen zertifizierten Gr\u00fcnstrom.\u2028Wir betreiben eine Euro-6-Flotte, optimieren Routen und rationalisieren Abl\u00e4ufe, w\u00e4hrend wir gleichzeitig die M\u00fclltrennung und das Recycling verst\u00e4rken.<\/p>\n<p>Wir setzen die Erneuerung unserer Flotte fort mit emissions- und CO\u2082-freien L\u00f6sungen:\u2028Wasserstoff, vollelektrische Fahrzeuge und alternative Kraftstoffe.<\/p>\n<p>Bereits gestartete Massnahmen:<\/p>\n<ul>\n<li>\u00d6kologische Transformation zu Wasserstoff- und Elektrofahrzeugen (null CO\u2082-Emissionen) sowie zu Fahrzeugen mit Biokraftstoffen (geringe CO\u2082-Emissionen)<\/li>\n<li>Bordeigenes Informatiksystem zur Verwaltung (EcoDrive)<\/li>\n<li>Digitalisierung von Dokumenten (Ziel: papierloses B\u00fcro)<\/li>\n<li>NIMP15-Norm f\u00fcr Kistenherstellung<\/li>\n<\/ul>\n<p>[\/vc_column_text][vc_single_image image=&#8220;4065&#8243; img_size=&#8220;full&#8220; alignment=&#8220;center&#8220; css=&#8220;&#8220;][\/vc_column_inner][\/vc_row_inner][vc_row_inner el_class=&#8220;white&#8220; el_id=&#8220;unsere-ziele&#8220;][vc_column_inner][vc_column_text css=&#8220;.vc_custom_1776244537382{margin-bottom: 40px !important;}&#8220;]<\/p>\n<h2>Unsere Ziele<\/h2>\n<p>Bis 2030 verfolgen wir einen klaren Kurs: Beschleunigung der Flottenumstellung und umfassende Digitalisierung<\/p>\n<ul>\n<li>50% CO\u2082-freie Flotte bis 2030<\/li>\n<li>Fortf\u00fchrung und Verst\u00e4rkung der papierlosen Arbeitsweise<\/li>\n<\/ul>\n<p>[\/vc_column_text][vc_single_image image=&#8220;4068&#8243; img_size=&#8220;full&#8220; alignment=&#8220;center&#8220; css=&#8220;&#8220;][\/vc_column_inner][\/vc_row_inner][vc_row_inner el_class=&#8220;white&#8220; el_id=&#8220;digitalisierung&#8220;][vc_column_inner][vc_column_text css=&#8220;.vc_custom_1776244565115{margin-bottom: 40px !important;}&#8220;]<\/p>\n<h2>Digitalisierung<\/h2>\n<p>Papier reduzieren, Effizienz steigern<\/p>\n<p>Wir entwickeln uns zu einer zunehmend digitalen Verwaltung: Digitalisierung von Dokumenten und bordeigene Tools zur Optimierung von Fahrweise und Monitoring (EcoDrive).[\/vc_column_text][vc_single_image image=&#8220;4071&#8243; img_size=&#8220;full&#8220; alignment=&#8220;center&#8220; css=&#8220;&#8220;][\/vc_column_inner][\/vc_row_inner][vc_row_inner el_class=&#8220;white&#8220; el_id=&#8220;soziale-verantwortung&#8220;][vc_column_inner][vc_column_text css=&#8220;&#8220;]<\/p>\n<h2>Soziale Verantwortung<\/h2>\n<p>Nachhaltigkeit ist auch ein menschliches Engagement<\/p>\n<p>Wir achten auf verantwortungsvolle Praktiken in allen unseren Aktivit\u00e4ten:\u2028Sicherheit, Respekt, Integrit\u00e4t und professionelles Verhalten.<\/p>\n<p>Konsultieren Sie unseren Verhaltenskodex (PDF)[\/vc_column_text][vc_raw_html css=&#8220;&#8220; el_id=&#8220;brochure&#8220;]JTNDZGl2JTIwc3R5bGUlM0QlMjJwb3NpdGlvbiUzQXJlbGF0aXZlJTNCcGFkZGluZy10b3AlM0FtYXglMjg2MCUyNSUyQzMyNnB4JTI5JTNCaGVpZ2h0JTNBMCUzQndpZHRoJTNBMTAwJTI1JTIyJTNFJTNDaWZyYW1lJTIwdGl0bGUlM0QlMjJDb2RlJTIwZGUlMjBjb25kdWl0ZSUyMDIwMjYlMjBGUiUyMiUyMGFsbG93JTNEJTIyY2xpcGJvYXJkLXdyaXRlJTIyJTIwc2FuZGJveCUzRCUyMmFsbG93LXRvcC1uYXZpZ2F0aW9uJTIwYWxsb3ctdG9wLW5hdmlnYXRpb24tYnktdXNlci1hY3RpdmF0aW9uJTIwYWxsb3ctZG93bmxvYWRzJTIwYWxsb3ctc2NyaXB0cyUyMGFsbG93LXNhbWUtb3JpZ2luJTIwYWxsb3ctcG9wdXBzJTIwYWxsb3ctbW9kYWxzJTIwYWxsb3ctcG9wdXBzLXRvLWVzY2FwZS1zYW5kYm94JTIwYWxsb3ctZm9ybXMlMjIlMjBhbGxvd2Z1bGxzY3JlZW4lM0QlMjJ0cnVlJTIyJTIwc3R5bGUlM0QlMjJwb3NpdGlvbiUzQWFic29sdXRlJTNCYm9yZGVyJTNBbm9uZSUzQndpZHRoJTNBMTAwJTI1JTNCaGVpZ2h0JTNBMTAwJTI1JTNCbGVmdCUzQTAlM0JyaWdodCUzQTAlM0J0b3AlM0EwJTNCYm90dG9tJTNBMCUzQiUyMiUyMHNyYyUzRCUyMmh0dHBzJTNBJTJGJTJGZS5pc3N1dS5jb20lMkZlbWJlZC5odG1sJTNGZCUzRGNvZGVfZGVfY29uZHVpdGVfMjAyNl9mciUyNnUlM0RieXRoZXdheXN0dWRpb2ZyJTIyJTNFJTNDJTJGaWZyYW1lJTNFJTNDJTJGZGl2JTNF[\/vc_raw_html][\/vc_column_inner][\/vc_row_inner][vc_row_inner el_class=&#8220;white&#8220; el_id=&#8220;unsere-rse-leistung&#8220;][vc_column_inner][vc_column_text css=&#8220;.vc_custom_1776244626298{margin-bottom: 40px !important;}&#8220;]<\/p>\n<h2>Unsere RSE-Leistung, bewertet von EcoVadis<\/h2>\n<p>EcoVadis ist eine international anerkannte Plattform, die die Leistung von Unternehmen im Bereich der gesellschaftlichen Verantwortung (CSR\/RSE) bewertet. Dabei werden zentrale Themen wie Umwelt, Ethik, Soziales und nachhaltige Beschaffung ber\u00fccksichtigt.<\/p>\n<p>Diese Bewertung spiegelt unser konkretes Engagement f\u00fcr nachhaltige Entwicklung und die kontinuierliche Verbesserung unserer Praktiken wider. Sie ist f\u00fcr uns ein Zeichen von Transparenz und schafft Vertrauen bei unseren Partnern.[\/vc_column_text][vc_single_image image=&#8220;4098&#8243; img_size=&#8220;180&#215;180&#8243; alignment=&#8220;right&#8220; css=&#8220;&#8220;][\/vc_column_inner][\/vc_row_inner][vc_row_inner el_class=&#8220;white&#8220; el_id=&#8220;zertifizierungen&#8220;][vc_column_inner][vc_column_text css=&#8220;&#8220;]<\/p>\n<h2>Zertifizierungen<\/h2>\n<p>Wir wenden anerkannte Standards und auf unsere T\u00e4tigkeiten abgestimmte Verfahren an und verfolgen einen Ansatz der kontinuierlichen Verbesserung.[\/vc_column_text][\/vc_column_inner][\/vc_row_inner][vc_row_inner content_placement=&#8220;middle&#8220; css=&#8220;.vc_custom_1774965406681{padding-top: 0px !important;padding-bottom: 0px !important;}&#8220; el_class=&#8220;white row-certifications&#8220;][vc_column_inner el_class=&#8220;bloc-certification&#8220; width=&#8220;1\/4&#8243;][vc_single_image image=&#8220;2668&#8243; img_size=&#8220;medium&#8220; alignment=&#8220;center&#8220; onclick=&#8220;custom_link&#8220; img_link_target=&#8220;_blank&#8220; css=&#8220;.vc_custom_1710228315100{margin-bottom: 15px !important;}&#8220;][vc_column_text css=&#8220;&#8220;]<\/p>\n<p style=\"text-align: center;\">Standard f\u00fcr Qualit\u00e4tsmanagement<\/p>\n<p>[\/vc_column_text][\/vc_column_inner][vc_column_inner el_class=&#8220;bloc-certification&#8220; width=&#8220;1\/4&#8243;][vc_single_image image=&#8220;2671&#8243; img_size=&#8220;medium&#8220; alignment=&#8220;center&#8220; onclick=&#8220;custom_link&#8220; img_link_target=&#8220;_blank&#8220; css=&#8220;.vc_custom_1710228368185{margin-bottom: 15px !important;}&#8220;][vc_column_text css=&#8220;&#8220;]<\/p>\n<p style=\"text-align: center;\">Standard f\u00fcr Umweltmanagement<\/p>\n<p>[\/vc_column_text][\/vc_column_inner][vc_column_inner el_class=&#8220;bloc-certification&#8220; width=&#8220;1\/4&#8243;][vc_single_image image=&#8220;2674&#8243; img_size=&#8220;medium&#8220; alignment=&#8220;center&#8220; onclick=&#8220;custom_link&#8220; img_link_target=&#8220;_blank&#8220; css=&#8220;.vc_custom_1710228393905{margin-bottom: 15px !important;}&#8220;][vc_column_text css=&#8220;&#8220;]<\/p>\n<p style=\"text-align: center;\">Standard f\u00fcr das Management von Gesundheit und Sicherheit am Arbeitsplatz<\/p>\n<p>[\/vc_column_text][\/vc_column_inner][vc_column_inner el_class=&#8220;bloc-certification&#8220; width=&#8220;1\/4&#8243;][vc_single_image image=&#8220;2677&#8243; img_size=&#8220;medium&#8220; alignment=&#8220;center&#8220; onclick=&#8220;custom_link&#8220; img_link_target=&#8220;_blank&#8220; css=&#8220;.vc_custom_1710228440206{margin-bottom: 15px !important;}&#8220;][vc_column_text css=&#8220;&#8220;]<\/p>\n<p style=\"text-align: center;\">Standard f\u00fcr hohe Sicherheit beim Transport von G\u00fctern<\/p>\n<p>[\/vc_column_text][\/vc_column_inner][\/vc_row_inner][vc_row_inner content_placement=&#8220;middle&#8220; css=&#8220;.vc_custom_1774965412406{padding-top: 0px !important;padding-bottom: 0px !important;}&#8220; el_class=&#8220;white row-certifications&#8220;][vc_column_inner el_class=&#8220;bloc-certification&#8220; width=&#8220;1\/4&#8243;][vc_single_image image=&#8220;2682&#8243; img_size=&#8220;medium&#8220; alignment=&#8220;center&#8220; onclick=&#8220;custom_link&#8220; img_link_target=&#8220;_blank&#8220; css=&#8220;.vc_custom_1710228529305{margin-bottom: 15px !important;}&#8220;][vc_column_text css=&#8220;&#8220;]<\/p>\n<p style=\"text-align: center;\">Standard f\u00fcr phytosanit\u00e4re Massnahmen<\/p>\n<p>[\/vc_column_text][\/vc_column_inner][vc_column_inner el_class=&#8220;bloc-certification&#8220; width=&#8220;1\/4&#8243;][vc_single_image image=&#8220;2685&#8243; img_size=&#8220;medium&#8220; alignment=&#8220;center&#8220; onclick=&#8220;custom_link&#8220; img_link_target=&#8220;_blank&#8220; css=&#8220;.vc_custom_1710228560221{margin-bottom: 15px !important;}&#8220;][vc_column_text css=&#8220;&#8220;]<\/p>\n<p style=\"text-align: center;\">Standard zur Verbesserung ethischer Praktiken in der gesamten Lieferkette<\/p>\n<p>[\/vc_column_text][\/vc_column_inner][vc_column_inner el_class=&#8220;bloc-certification&#8220; width=&#8220;1\/4&#8243;][vc_single_image image=&#8220;2688&#8243; img_size=&#8220;medium&#8220; alignment=&#8220;center&#8220; onclick=&#8220;custom_link&#8220; img_link_target=&#8220;_blank&#8220; css=&#8220;.vc_custom_1710228597704{margin-bottom: 15px !important;}&#8220;][vc_column_text css=&#8220;&#8220;]<\/p>\n<p style=\"text-align: center;\">Bewertung der gesellschaftlichen Verantwortung von Unternehmen<\/p>\n<p>[\/vc_column_text][\/vc_column_inner][vc_column_inner el_class=&#8220;bloc-certification&#8220; width=&#8220;1\/4&#8243;][vc_single_image image=&#8220;2691&#8243; img_size=&#8220;medium&#8220; alignment=&#8220;center&#8220; onclick=&#8220;custom_link&#8220; img_link_target=&#8220;_blank&#8220; css=&#8220;.vc_custom_1710228637538{margin-bottom: 15px !important;}&#8220;][vc_column_text css=&#8220;&#8220;]<\/p>\n<p style=\"text-align: center;\">Ehrenauszeichnung f\u00fcr die Entwicklung der Energiezukunft<\/p>\n<p>[\/vc_column_text][\/vc_column_inner][\/vc_row_inner][vc_row_inner content_placement=&#8220;middle&#8220; css=&#8220;.vc_custom_1774965417028{padding-top: 0px !important;padding-bottom: 0px !important;}&#8220; el_class=&#8220;white row-certifications&#8220;][vc_column_inner el_class=&#8220;bloc-certification&#8220; width=&#8220;1\/4&#8243;][vc_single_image image=&#8220;2694&#8243; img_size=&#8220;medium&#8220; alignment=&#8220;center&#8220; onclick=&#8220;custom_link&#8220; img_link_target=&#8220;_blank&#8220; css=&#8220;.vc_custom_1710228662106{margin-bottom: 15px !important;}&#8220;][vc_column_text css=&#8220;&#8220;]<\/p>\n<p style=\"text-align: center;\">Engagement f\u00fcr die Umwelt und das Klima<\/p>\n<p>[\/vc_column_text][\/vc_column_inner][vc_column_inner width=&#8220;1\/4&#8243;][vc_single_image image=&#8220;2759&#8243; img_size=&#8220;medium&#8220; alignment=&#8220;center&#8220; onclick=&#8220;custom_link&#8220; img_link_target=&#8220;_blank&#8220; css=&#8220;.vc_custom_1710419039655{margin-bottom: 15px !important;}&#8220; link=&#8220;https:\/\/haulier.2assistu.ch\/&#8220;][vc_column_text css=&#8220;&#8220;]<\/p>\n<p style=\"text-align: center;\">Zugelassener Transporteur OFAC<\/p>\n<p>[\/vc_column_text][\/vc_column_inner][vc_column_inner width=&#8220;1\/4&#8243;][\/vc_column_inner][vc_column_inner width=&#8220;1\/4&#8243;][\/vc_column_inner][\/vc_row_inner][\/vc_column][\/vc_row][vc_row][vc_column][vc_row_inner css=&#8220;.vc_custom_1607603392677{padding-top: 0px !important;padding-bottom: 0px !important;}&#8220;][vc_column_inner width=&#8220;1\/2&#8243;][vc_column_text css=&#8220;&#8220;]<\/p>\n<h2>Mehr Informationen?<\/h2>\n<p>[\/vc_column_text][\/vc_column_inner][vc_column_inner width=&#8220;1\/2&#8243;][vc_raw_html css=&#8220;&#8220;]JTVCd3Bmb3JtcyUyMGlkJTNEJTIyMTMyMyUyMiU1RA==[\/vc_raw_html][\/vc_column_inner][\/vc_row_inner][\/vc_column][\/vc_row]<\/p>\n<\/div>","protected":false},"excerpt":{"rendered":"<p>[vc_row][vc_column][vc_row_inner css=&#8220;.vc_custom_1774969495819{padding-bottom: 0px !important;}&#8220; el_class=&#8220;header simple&#8220;][vc_column_inner][vc_column_text css=&#8220;&#8220;] Wir handeln verantwortungsvoll Bei von Bergen SA integrieren wir verantwortungsvolle Praktiken in unsere Gesch\u00e4ftst\u00e4tigkeit. Unsere Umweltbelastung reduzieren, Ihre Betriebsabl\u00e4ufe st\u00e4rken: ein konkretes, messbares und transparentes Engagement.[\/vc_column_text][\/vc_column_inner][\/vc_row_inner][\/vc_column][\/vc_row][vc_row css=&#8220;.vc_custom_1636993375886{padding-top: 0px !important;}&#8220;][vc_column][vc_single_image image=&#8220;4062&#8243; img_size=&#8220;full&#8220; alignment=&#8220;center&#8220; css=&#8220;&#8220;][\/vc_column][\/vc_row][vc_row full_width=&#8220;stretch_row&#8220; css=&#8220;.vc_custom_1604325696302{background-color: #e4efed !important;}&#8220;][vc_column][vc_row_inner el_class=&#8220;white&#8220; el_id=&#8220;unsere-massnahmen&#8220;][vc_column_inner][vc_column_text css=&#8220;.vc_custom_1776244488350{margin-bottom: 40px !important;}&#8220;] Konkrete Massnahmen, ab heute Bei von [&hellip;]<\/p>\n","protected":false},"author":2,"featured_media":0,"parent":0,"menu_order":0,"comment_status":"closed","ping_status":"closed","template":"","meta":{"_acf_changed":false,"inline_featured_image":false,"footnotes":""},"class_list":["post-4125","page","type-page","status-publish","hentry"],"acf":[],"yoast_head":"<!-- This site is optimized with the Yoast SEO plugin v27.5 - https:\/\/yoast.com\/product\/yoast-seo-wordpress\/ -->\n<title>Nachhaltigkeit | Transports von Bergen SA<\/title>\n<meta name=\"robots\" content=\"index, follow, max-snippet:-1, max-image-preview:large, max-video-preview:-1\" \/>\n<link rel=\"canonical\" href=\"https:\/\/www.vonbergensa.ch\/de\/nachhaltigkeit\/\" \/>\n<meta property=\"og:locale\" content=\"de_DE\" \/>\n<meta property=\"og:type\" content=\"article\" \/>\n<meta property=\"og:title\" content=\"Nachhaltigkeit | Transports von Bergen SA\" \/>\n<meta property=\"og:description\" content=\"[vc_row][vc_column][vc_row_inner css=&#8220;.vc_custom_1774969495819{padding-bottom: 0px !important;}&#8220; el_class=&#8220;header simple&#8220;][vc_column_inner][vc_column_text css=&#8220;&#8220;] Wir handeln verantwortungsvoll Bei von Bergen SA integrieren wir verantwortungsvolle Praktiken in unsere Gesch\u00e4ftst\u00e4tigkeit. Unsere Umweltbelastung reduzieren, Ihre Betriebsabl\u00e4ufe st\u00e4rken: ein konkretes, messbares und transparentes Engagement.[\/vc_column_text][\/vc_column_inner][\/vc_row_inner][\/vc_column][\/vc_row][vc_row css=&#8220;.vc_custom_1636993375886{padding-top: 0px !important;}&#8220;][vc_column][vc_single_image image=&#8220;4062&#8243; img_size=&#8220;full&#8220; alignment=&#8220;center&#8220; css=&#8220;&#8220;][\/vc_column][\/vc_row][vc_row full_width=&#8220;stretch_row&#8220; css=&#8220;.vc_custom_1604325696302{background-color: #e4efed !important;}&#8220;][vc_column][vc_row_inner el_class=&#8220;white&#8220; el_id=&#8220;unsere-massnahmen&#8220;][vc_column_inner][vc_column_text css=&#8220;.vc_custom_1776244488350{margin-bottom: 40px !important;}&#8220;] Konkrete Massnahmen, ab heute Bei von [&hellip;]\" \/>\n<meta property=\"og:url\" content=\"https:\/\/www.vonbergensa.ch\/de\/nachhaltigkeit\/\" \/>\n<meta property=\"og:site_name\" content=\"Transports von Bergen SA\" \/>\n<meta property=\"article:modified_time\" content=\"2026-04-15T09:57:23+00:00\" \/>\n<meta name=\"twitter:card\" content=\"summary_large_image\" \/>\n<meta name=\"twitter:label1\" content=\"Gesch\u00e4tzte Lesezeit\" \/>\n\t<meta name=\"twitter:data1\" content=\"4\u00a0Minuten\" \/>\n<script type=\"application\/ld+json\" class=\"yoast-schema-graph\">{\"@context\":\"https:\\\/\\\/schema.org\",\"@graph\":[{\"@type\":\"WebPage\",\"@id\":\"https:\\\/\\\/www.vonbergensa.ch\\\/de\\\/nachhaltigkeit\\\/\",\"url\":\"https:\\\/\\\/www.vonbergensa.ch\\\/de\\\/nachhaltigkeit\\\/\",\"name\":\"Nachhaltigkeit | Transports von Bergen SA\",\"isPartOf\":{\"@id\":\"https:\\\/\\\/www.vonbergensa.ch\\\/de\\\/#website\"},\"datePublished\":\"2026-04-15T09:11:13+00:00\",\"dateModified\":\"2026-04-15T09:57:23+00:00\",\"breadcrumb\":{\"@id\":\"https:\\\/\\\/www.vonbergensa.ch\\\/de\\\/nachhaltigkeit\\\/#breadcrumb\"},\"inLanguage\":\"de\",\"potentialAction\":[{\"@type\":\"ReadAction\",\"target\":[\"https:\\\/\\\/www.vonbergensa.ch\\\/de\\\/nachhaltigkeit\\\/\"]}]},{\"@type\":\"BreadcrumbList\",\"@id\":\"https:\\\/\\\/www.vonbergensa.ch\\\/de\\\/nachhaltigkeit\\\/#breadcrumb\",\"itemListElement\":[{\"@type\":\"ListItem\",\"position\":1,\"name\":\"Home\",\"item\":\"https:\\\/\\\/www.vonbergensa.ch\\\/de\\\/\"},{\"@type\":\"ListItem\",\"position\":2,\"name\":\"Nachhaltigkeit\"}]},{\"@type\":\"WebSite\",\"@id\":\"https:\\\/\\\/www.vonbergensa.ch\\\/de\\\/#website\",\"url\":\"https:\\\/\\\/www.vonbergensa.ch\\\/de\\\/\",\"name\":\"Transports von Bergen SA\",\"description\":\"\",\"potentialAction\":[{\"@type\":\"SearchAction\",\"target\":{\"@type\":\"EntryPoint\",\"urlTemplate\":\"https:\\\/\\\/www.vonbergensa.ch\\\/de\\\/?s={search_term_string}\"},\"query-input\":{\"@type\":\"PropertyValueSpecification\",\"valueRequired\":true,\"valueName\":\"search_term_string\"}}],\"inLanguage\":\"de\"}]}<\/script>\n<!-- \/ Yoast SEO plugin. -->","yoast_head_json":{"title":"Nachhaltigkeit | Transports von Bergen SA","robots":{"index":"index","follow":"follow","max-snippet":"max-snippet:-1","max-image-preview":"max-image-preview:large","max-video-preview":"max-video-preview:-1"},"canonical":"https:\/\/www.vonbergensa.ch\/de\/nachhaltigkeit\/","og_locale":"de_DE","og_type":"article","og_title":"Nachhaltigkeit | Transports von Bergen SA","og_description":"[vc_row][vc_column][vc_row_inner css=&#8220;.vc_custom_1774969495819{padding-bottom: 0px !important;}&#8220; el_class=&#8220;header simple&#8220;][vc_column_inner][vc_column_text css=&#8220;&#8220;] Wir handeln verantwortungsvoll Bei von Bergen SA integrieren wir verantwortungsvolle Praktiken in unsere Gesch\u00e4ftst\u00e4tigkeit. Unsere Umweltbelastung reduzieren, Ihre Betriebsabl\u00e4ufe st\u00e4rken: ein konkretes, messbares und transparentes Engagement.[\/vc_column_text][\/vc_column_inner][\/vc_row_inner][\/vc_column][\/vc_row][vc_row css=&#8220;.vc_custom_1636993375886{padding-top: 0px !important;}&#8220;][vc_column][vc_single_image image=&#8220;4062&#8243; img_size=&#8220;full&#8220; alignment=&#8220;center&#8220; css=&#8220;&#8220;][\/vc_column][\/vc_row][vc_row full_width=&#8220;stretch_row&#8220; css=&#8220;.vc_custom_1604325696302{background-color: #e4efed !important;}&#8220;][vc_column][vc_row_inner el_class=&#8220;white&#8220; el_id=&#8220;unsere-massnahmen&#8220;][vc_column_inner][vc_column_text css=&#8220;.vc_custom_1776244488350{margin-bottom: 40px !important;}&#8220;] Konkrete Massnahmen, ab heute Bei von [&hellip;]","og_url":"https:\/\/www.vonbergensa.ch\/de\/nachhaltigkeit\/","og_site_name":"Transports von Bergen SA","article_modified_time":"2026-04-15T09:57:23+00:00","twitter_card":"summary_large_image","twitter_misc":{"Gesch\u00e4tzte Lesezeit":"4\u00a0Minuten"},"schema":{"@context":"https:\/\/schema.org","@graph":[{"@type":"WebPage","@id":"https:\/\/www.vonbergensa.ch\/de\/nachhaltigkeit\/","url":"https:\/\/www.vonbergensa.ch\/de\/nachhaltigkeit\/","name":"Nachhaltigkeit | Transports von Bergen SA","isPartOf":{"@id":"https:\/\/www.vonbergensa.ch\/de\/#website"},"datePublished":"2026-04-15T09:11:13+00:00","dateModified":"2026-04-15T09:57:23+00:00","breadcrumb":{"@id":"https:\/\/www.vonbergensa.ch\/de\/nachhaltigkeit\/#breadcrumb"},"inLanguage":"de","potentialAction":[{"@type":"ReadAction","target":["https:\/\/www.vonbergensa.ch\/de\/nachhaltigkeit\/"]}]},{"@type":"BreadcrumbList","@id":"https:\/\/www.vonbergensa.ch\/de\/nachhaltigkeit\/#breadcrumb","itemListElement":[{"@type":"ListItem","position":1,"name":"Home","item":"https:\/\/www.vonbergensa.ch\/de\/"},{"@type":"ListItem","position":2,"name":"Nachhaltigkeit"}]},{"@type":"WebSite","@id":"https:\/\/www.vonbergensa.ch\/de\/#website","url":"https:\/\/www.vonbergensa.ch\/de\/","name":"Transports von Bergen SA","description":"","potentialAction":[{"@type":"SearchAction","target":{"@type":"EntryPoint","urlTemplate":"https:\/\/www.vonbergensa.ch\/de\/?s={search_term_string}"},"query-input":{"@type":"PropertyValueSpecification","valueRequired":true,"valueName":"search_term_string"}}],"inLanguage":"de"}]}},"_links":{"self":[{"href":"https:\/\/www.vonbergensa.ch\/de\/wp-json\/wp\/v2\/pages\/4125","targetHints":{"allow":["GET"]}}],"collection":[{"href":"https:\/\/www.vonbergensa.ch\/de\/wp-json\/wp\/v2\/pages"}],"about":[{"href":"https:\/\/www.vonbergensa.ch\/de\/wp-json\/wp\/v2\/types\/page"}],"author":[{"embeddable":true,"href":"https:\/\/www.vonbergensa.ch\/de\/wp-json\/wp\/v2\/users\/2"}],"replies":[{"embeddable":true,"href":"https:\/\/www.vonbergensa.ch\/de\/wp-json\/wp\/v2\/comments?post=4125"}],"version-history":[{"count":9,"href":"https:\/\/www.vonbergensa.ch\/de\/wp-json\/wp\/v2\/pages\/4125\/revisions"}],"predecessor-version":[{"id":4147,"href":"https:\/\/www.vonbergensa.ch\/de\/wp-json\/wp\/v2\/pages\/4125\/revisions\/4147"}],"wp:attachment":[{"href":"https:\/\/www.vonbergensa.ch\/de\/wp-json\/wp\/v2\/media?parent=4125"}],"curies":[{"name":"wp","href":"https:\/\/api.w.org\/{rel}","templated":true}]}}