{"id":4267,"date":"2026-05-04T10:31:59","date_gmt":"2026-05-04T08:31:59","guid":{"rendered":"https:\/\/www.vonbergensa.ch\/?page_id=4267"},"modified":"2026-05-04T10:42:57","modified_gmt":"2026-05-04T08:42:57","slug":"sonderangebote","status":"publish","type":"page","link":"https:\/\/www.vonbergensa.ch\/de\/sonderangebote\/","title":{"rendered":"Sonderangebote"},"content":{"rendered":"<div class=\"wpb-content-wrapper\"><p>[vc_row el_class=&#8220;header apropos&#8220;][vc_column][vc_row_inner css=&#8220;.vc_custom_1604485367052{padding-bottom: 0px !important;}&#8220;][vc_column_inner][vc_column_text css=&#8220;&#8220;]<\/p>\n<h1>Entdecken Sie unsere aktuellen Sonderangebote<\/h1>\n<p>Profitieren Sie bei von Bergen SA von attraktiven Angeboten f\u00fcr verschiedene Dienstleistungen.<br \/>\nUnser Team ber\u00e4t Sie pers\u00f6nlich und findet die L\u00f6sung, die genau zu Ihrem Bedarf passt.<\/p>\n<p><a class=\"bouton\" href=\"#kontakt\">Angebot anfordern<\/a>[\/vc_column_text][\/vc_column_inner][\/vc_row_inner][\/vc_column][\/vc_row][vc_row css=&#8220;.vc_custom_1761773834353{padding-bottom: 70px !important;}&#8220;][vc_column][vc_single_image image=&#8220;4174&#8243; img_size=&#8220;full&#8220; css=&#8220;&#8220;][\/vc_column][\/vc_row][vc_row full_width=&#8220;stretch_row&#8220; css=&#8220;.vc_custom_1604325696302{background-color: #e4efed !important;}&#8220;][vc_column][vc_row_inner el_class=&#8220;white&#8220; el_id=&#8220;accompagnement&#8220;][vc_column_inner][vc_column_text css=&#8220;&#8220;]<\/p>\n<h2>Individuell auf Sie zugeschnitten<\/h2>\n<p>Unsere Sonderangebote richten sich nach Ihren konkreten Anforderungen. Gemeinsam mit Ihnen erarbeiten wir eine L\u00f6sung, die optimal zu Ihrer Situation passt \u2013 einfach, effizient und transparent.[\/vc_column_text][\/vc_column_inner][\/vc_row_inner][vc_row_inner css=&#8220;.vc_custom_1636992019867{padding-bottom: 0px !important;}&#8220;][vc_column_inner][vc_images_carousel images=&#8220;4214,4217,4220,4223,4226,4229,4232,4235,4238,4241,4244,4247,4250,4253,4256,4259,4262,4265&#8243; img_size=&#8220;full&#8220; onclick=&#8220;link_no&#8220; autoplay=&#8220;yes&#8220; wrap=&#8220;yes&#8220; css=&#8220;&#8220;][\/vc_column_inner][\/vc_row_inner][\/vc_column][\/vc_row][vc_row el_id=&#8220;kontakt&#8220;][vc_column][vc_row_inner css=&#8220;.vc_custom_1607603392677{padding-top: 0px !important;padding-bottom: 0px !important;}&#8220;][vc_column_inner width=&#8220;1\/2&#8243;][vc_column_text css=&#8220;.vc_custom_1777883830597{margin-bottom: 50px !important;}&#8220;]<\/p>\n<h2>Jetzt Angebot anfordern<\/h2>\n<p>F\u00fcllen Sie folgendes Formular aus und erhalten Sie ein auf Sie zugeschnittenes Angebot. Unser Team meldet sich zeitnah bei Ihnen.<\/p>\n<p>Tel : <a class=\"email\" href=\"tel:+41266766060\">026 676 60 60<\/a><br \/>\nE-Mail : <a class=\"email\" href=\"mailto:vente@vonbergensa.ch\" data-before=\"info\" data-domaine=\"vonbergensa.ch\">vente@vonbergensa.ch<\/a>[\/vc_column_text][\/vc_column_inner][vc_column_inner width=&#8220;1\/2&#8243;][vc_raw_html css=&#8220;&#8220;]JTVCd3Bmb3JtcyUyMGlkJTNEJTIyNDI3NCUyMiU1RA==[\/vc_raw_html][\/vc_column_inner][\/vc_row_inner][\/vc_column][\/vc_row]<\/p>\n<\/div>","protected":false},"excerpt":{"rendered":"<p>[vc_row el_class=&#8220;header apropos&#8220;][vc_column][vc_row_inner css=&#8220;.vc_custom_1604485367052{padding-bottom: 0px !important;}&#8220;][vc_column_inner][vc_column_text css=&#8220;&#8220;] Entdecken Sie unsere aktuellen Sonderangebote Profitieren Sie bei von Bergen SA von attraktiven Angeboten f\u00fcr verschiedene Dienstleistungen. Unser Team ber\u00e4t Sie pers\u00f6nlich und findet die L\u00f6sung, die genau zu Ihrem Bedarf passt. Angebot anfordern[\/vc_column_text][\/vc_column_inner][\/vc_row_inner][\/vc_column][\/vc_row][vc_row css=&#8220;.vc_custom_1761773834353{padding-bottom: 70px !important;}&#8220;][vc_column][vc_single_image image=&#8220;4174&#8243; img_size=&#8220;full&#8220; css=&#8220;&#8220;][\/vc_column][\/vc_row][vc_row full_width=&#8220;stretch_row&#8220; css=&#8220;.vc_custom_1604325696302{background-color: #e4efed !important;}&#8220;][vc_column][vc_row_inner el_class=&#8220;white&#8220; el_id=&#8220;accompagnement&#8220;][vc_column_inner][vc_column_text css=&#8220;&#8220;] Individuell [&hellip;]<\/p>\n","protected":false},"author":2,"featured_media":0,"parent":0,"menu_order":0,"comment_status":"closed","ping_status":"closed","template":"","meta":{"_acf_changed":false,"inline_featured_image":false,"footnotes":""},"class_list":["post-4267","page","type-page","status-publish","hentry"],"acf":[],"yoast_head":"<!-- This site is optimized with the Yoast SEO plugin v27.5 - https:\/\/yoast.com\/product\/yoast-seo-wordpress\/ -->\n<title>Sonderangebote | Transports von Bergen SA<\/title>\n<meta name=\"robots\" content=\"index, follow, max-snippet:-1, max-image-preview:large, max-video-preview:-1\" \/>\n<link rel=\"canonical\" href=\"https:\/\/www.vonbergensa.ch\/de\/sonderangebote\/\" \/>\n<meta property=\"og:locale\" content=\"de_DE\" \/>\n<meta property=\"og:type\" content=\"article\" \/>\n<meta property=\"og:title\" content=\"Sonderangebote | Transports von Bergen SA\" \/>\n<meta property=\"og:description\" content=\"[vc_row el_class=&#8220;header apropos&#8220;][vc_column][vc_row_inner css=&#8220;.vc_custom_1604485367052{padding-bottom: 0px !important;}&#8220;][vc_column_inner][vc_column_text css=&#8220;&#8220;] Entdecken Sie unsere aktuellen Sonderangebote Profitieren Sie bei von Bergen SA von attraktiven Angeboten f\u00fcr verschiedene Dienstleistungen. Unser Team ber\u00e4t Sie pers\u00f6nlich und findet die L\u00f6sung, die genau zu Ihrem Bedarf passt. Angebot anfordern[\/vc_column_text][\/vc_column_inner][\/vc_row_inner][\/vc_column][\/vc_row][vc_row css=&#8220;.vc_custom_1761773834353{padding-bottom: 70px !important;}&#8220;][vc_column][vc_single_image image=&#8220;4174&#8243; img_size=&#8220;full&#8220; css=&#8220;&#8220;][\/vc_column][\/vc_row][vc_row full_width=&#8220;stretch_row&#8220; css=&#8220;.vc_custom_1604325696302{background-color: #e4efed !important;}&#8220;][vc_column][vc_row_inner el_class=&#8220;white&#8220; el_id=&#8220;accompagnement&#8220;][vc_column_inner][vc_column_text css=&#8220;&#8220;] Individuell [&hellip;]\" \/>\n<meta property=\"og:url\" content=\"https:\/\/www.vonbergensa.ch\/de\/sonderangebote\/\" \/>\n<meta property=\"og:site_name\" content=\"Transports von Bergen SA\" \/>\n<meta property=\"article:modified_time\" content=\"2026-05-04T08:42:57+00:00\" \/>\n<meta name=\"twitter:card\" content=\"summary_large_image\" \/>\n<meta name=\"twitter:label1\" content=\"Gesch\u00e4tzte Lesezeit\" \/>\n\t<meta name=\"twitter:data1\" content=\"2\u00a0Minuten\" \/>\n<script type=\"application\/ld+json\" class=\"yoast-schema-graph\">{\"@context\":\"https:\\\/\\\/schema.org\",\"@graph\":[{\"@type\":\"WebPage\",\"@id\":\"https:\\\/\\\/www.vonbergensa.ch\\\/de\\\/sonderangebote\\\/\",\"url\":\"https:\\\/\\\/www.vonbergensa.ch\\\/de\\\/sonderangebote\\\/\",\"name\":\"Sonderangebote | Transports von Bergen SA\",\"isPartOf\":{\"@id\":\"https:\\\/\\\/www.vonbergensa.ch\\\/de\\\/#website\"},\"datePublished\":\"2026-05-04T08:31:59+00:00\",\"dateModified\":\"2026-05-04T08:42:57+00:00\",\"breadcrumb\":{\"@id\":\"https:\\\/\\\/www.vonbergensa.ch\\\/de\\\/sonderangebote\\\/#breadcrumb\"},\"inLanguage\":\"de\",\"potentialAction\":[{\"@type\":\"ReadAction\",\"target\":[\"https:\\\/\\\/www.vonbergensa.ch\\\/de\\\/sonderangebote\\\/\"]}]},{\"@type\":\"BreadcrumbList\",\"@id\":\"https:\\\/\\\/www.vonbergensa.ch\\\/de\\\/sonderangebote\\\/#breadcrumb\",\"itemListElement\":[{\"@type\":\"ListItem\",\"position\":1,\"name\":\"Home\",\"item\":\"https:\\\/\\\/www.vonbergensa.ch\\\/de\\\/\"},{\"@type\":\"ListItem\",\"position\":2,\"name\":\"Sonderangebote\"}]},{\"@type\":\"WebSite\",\"@id\":\"https:\\\/\\\/www.vonbergensa.ch\\\/de\\\/#website\",\"url\":\"https:\\\/\\\/www.vonbergensa.ch\\\/de\\\/\",\"name\":\"Transports von Bergen SA\",\"description\":\"\",\"potentialAction\":[{\"@type\":\"SearchAction\",\"target\":{\"@type\":\"EntryPoint\",\"urlTemplate\":\"https:\\\/\\\/www.vonbergensa.ch\\\/de\\\/?s={search_term_string}\"},\"query-input\":{\"@type\":\"PropertyValueSpecification\",\"valueRequired\":true,\"valueName\":\"search_term_string\"}}],\"inLanguage\":\"de\"}]}<\/script>\n<!-- \/ Yoast SEO plugin. -->","yoast_head_json":{"title":"Sonderangebote | Transports von Bergen SA","robots":{"index":"index","follow":"follow","max-snippet":"max-snippet:-1","max-image-preview":"max-image-preview:large","max-video-preview":"max-video-preview:-1"},"canonical":"https:\/\/www.vonbergensa.ch\/de\/sonderangebote\/","og_locale":"de_DE","og_type":"article","og_title":"Sonderangebote | Transports von Bergen SA","og_description":"[vc_row el_class=&#8220;header apropos&#8220;][vc_column][vc_row_inner css=&#8220;.vc_custom_1604485367052{padding-bottom: 0px !important;}&#8220;][vc_column_inner][vc_column_text css=&#8220;&#8220;] Entdecken Sie unsere aktuellen Sonderangebote Profitieren Sie bei von Bergen SA von attraktiven Angeboten f\u00fcr verschiedene Dienstleistungen. Unser Team ber\u00e4t Sie pers\u00f6nlich und findet die L\u00f6sung, die genau zu Ihrem Bedarf passt. Angebot anfordern[\/vc_column_text][\/vc_column_inner][\/vc_row_inner][\/vc_column][\/vc_row][vc_row css=&#8220;.vc_custom_1761773834353{padding-bottom: 70px !important;}&#8220;][vc_column][vc_single_image image=&#8220;4174&#8243; img_size=&#8220;full&#8220; css=&#8220;&#8220;][\/vc_column][\/vc_row][vc_row full_width=&#8220;stretch_row&#8220; css=&#8220;.vc_custom_1604325696302{background-color: #e4efed !important;}&#8220;][vc_column][vc_row_inner el_class=&#8220;white&#8220; el_id=&#8220;accompagnement&#8220;][vc_column_inner][vc_column_text css=&#8220;&#8220;] Individuell [&hellip;]","og_url":"https:\/\/www.vonbergensa.ch\/de\/sonderangebote\/","og_site_name":"Transports von Bergen SA","article_modified_time":"2026-05-04T08:42:57+00:00","twitter_card":"summary_large_image","twitter_misc":{"Gesch\u00e4tzte Lesezeit":"2\u00a0Minuten"},"schema":{"@context":"https:\/\/schema.org","@graph":[{"@type":"WebPage","@id":"https:\/\/www.vonbergensa.ch\/de\/sonderangebote\/","url":"https:\/\/www.vonbergensa.ch\/de\/sonderangebote\/","name":"Sonderangebote | Transports von Bergen SA","isPartOf":{"@id":"https:\/\/www.vonbergensa.ch\/de\/#website"},"datePublished":"2026-05-04T08:31:59+00:00","dateModified":"2026-05-04T08:42:57+00:00","breadcrumb":{"@id":"https:\/\/www.vonbergensa.ch\/de\/sonderangebote\/#breadcrumb"},"inLanguage":"de","potentialAction":[{"@type":"ReadAction","target":["https:\/\/www.vonbergensa.ch\/de\/sonderangebote\/"]}]},{"@type":"BreadcrumbList","@id":"https:\/\/www.vonbergensa.ch\/de\/sonderangebote\/#breadcrumb","itemListElement":[{"@type":"ListItem","position":1,"name":"Home","item":"https:\/\/www.vonbergensa.ch\/de\/"},{"@type":"ListItem","position":2,"name":"Sonderangebote"}]},{"@type":"WebSite","@id":"https:\/\/www.vonbergensa.ch\/de\/#website","url":"https:\/\/www.vonbergensa.ch\/de\/","name":"Transports von Bergen SA","description":"","potentialAction":[{"@type":"SearchAction","target":{"@type":"EntryPoint","urlTemplate":"https:\/\/www.vonbergensa.ch\/de\/?s={search_term_string}"},"query-input":{"@type":"PropertyValueSpecification","valueRequired":true,"valueName":"search_term_string"}}],"inLanguage":"de"}]}},"_links":{"self":[{"href":"https:\/\/www.vonbergensa.ch\/de\/wp-json\/wp\/v2\/pages\/4267","targetHints":{"allow":["GET"]}}],"collection":[{"href":"https:\/\/www.vonbergensa.ch\/de\/wp-json\/wp\/v2\/pages"}],"about":[{"href":"https:\/\/www.vonbergensa.ch\/de\/wp-json\/wp\/v2\/types\/page"}],"author":[{"embeddable":true,"href":"https:\/\/www.vonbergensa.ch\/de\/wp-json\/wp\/v2\/users\/2"}],"replies":[{"embeddable":true,"href":"https:\/\/www.vonbergensa.ch\/de\/wp-json\/wp\/v2\/comments?post=4267"}],"version-history":[{"count":5,"href":"https:\/\/www.vonbergensa.ch\/de\/wp-json\/wp\/v2\/pages\/4267\/revisions"}],"predecessor-version":[{"id":4278,"href":"https:\/\/www.vonbergensa.ch\/de\/wp-json\/wp\/v2\/pages\/4267\/revisions\/4278"}],"wp:attachment":[{"href":"https:\/\/www.vonbergensa.ch\/de\/wp-json\/wp\/v2\/media?parent=4267"}],"curies":[{"name":"wp","href":"https:\/\/api.w.org\/{rel}","templated":true}]}}