{"id":609,"date":"2021-01-26T11:44:05","date_gmt":"2021-01-26T09:44:05","guid":{"rendered":"https:\/\/www.vonbergensa.ch\/jobs\/"},"modified":"2026-02-23T14:19:47","modified_gmt":"2026-02-23T13:19:47","slug":"jobs","status":"publish","type":"page","link":"https:\/\/www.vonbergensa.ch\/de\/jobs\/","title":{"rendered":"Jobs"},"content":{"rendered":"<div class=\"wpb-content-wrapper\"><p>[vc_row full_width=&#8220;stretch_row&#8220; el_class=&#8220;header&#8220;][vc_column][vc_row_inner][vc_column_inner][vc_column_text]<\/p>\n<h1>Offene Stellen<\/h1>\n<div class=\"page\" title=\"Page 1\">\n<div class=\"layoutArea\">\n<div class=\"column\">\n<p>Die von Bergen Gruppe ist in den Bereichen Transport, Logistik sowie industrielle Umz\u00fcge aktiv und besch\u00e4ftigt \u00fcber 250 Mitarbeitende.<\/p>\n<p>Die T\u00fcren zur Welt des Transports und der Logistik stehen Ihnen immer offen! Ob Auszubildende, Senioren oder zuk\u00fcnftige Mitarbeitende auf der Suche nach einer neuen Herausforderung: Kontaktieren Sie uns.<\/p>\n<\/div>\n<\/div>\n<\/div>\n<p>[\/vc_column_text][\/vc_column_inner][\/vc_row_inner][\/vc_column][\/vc_row][vc_row full_width=&#8220;stretch_row&#8220; css=&#8220;.vc_custom_1604324772351{background-color: #e4efed !important;}&#8220;][vc_column]<div id=\"cours\"><div class='row space'><div class='col-lg-4 cours' id='no-job'><div class='title offreemploi'>Spontane Bewerbung<\/div><div class='description'><div class='description-row type'><span class='span-title'>Vertragsart<\/span><span class='col-bold'><\/span><\/div><div class='description-row occup'><span>Pensum<\/span><span class='col-bold'><\/span><\/div><div class='description-row locat'><span>Ort<\/span><span class='col-bold'><\/span><\/div><div class='description-row avail'><span>Stellenantritt <\/span><span class='col-bold'><\/span><\/div><\/div><div class='cours-button'><a href='mailto:rh@vonbergensa.ch' target='_blank' class='bouton left'>Berwerben<\/a><a href='' target='_blank' class='bouton right'>Beschreibung<\/a><\/div><\/div><\/div><\/div>[\/vc_column][\/vc_row]<\/p>\n<\/div>","protected":false},"excerpt":{"rendered":"<p>[vc_row full_width=&#8220;stretch_row&#8220; el_class=&#8220;header&#8220;][vc_column][vc_row_inner][vc_column_inner][vc_column_text] Offene Stellen Die von Bergen Gruppe ist in den Bereichen Transport, Logistik sowie industrielle Umz\u00fcge aktiv und besch\u00e4ftigt \u00fcber 250 Mitarbeitende. Die T\u00fcren zur Welt des Transports und der Logistik stehen Ihnen immer offen! Ob Auszubildende, Senioren oder zuk\u00fcnftige Mitarbeitende auf der Suche nach einer neuen Herausforderung: Kontaktieren Sie uns. [\/vc_column_text][\/vc_column_inner][\/vc_row_inner][\/vc_column][\/vc_row][vc_row full_width=&#8220;stretch_row&#8220; [&hellip;]<\/p>\n","protected":false},"author":2,"featured_media":0,"parent":0,"menu_order":0,"comment_status":"closed","ping_status":"closed","template":"","meta":{"_acf_changed":false,"inline_featured_image":false,"footnotes":""},"class_list":["post-609","page","type-page","status-publish","hentry"],"acf":[],"yoast_head":"<!-- This site is optimized with the Yoast SEO plugin v27.5 - https:\/\/yoast.com\/product\/yoast-seo-wordpress\/ -->\n<title>Jobs | Transports von Bergen SA<\/title>\n<meta name=\"description\" content=\"von Bergen SA, c\u2019est votre prestataire supply chain, avec un truc en plus. Pour toutes vos demandes, vous b\u00e9n\u00e9ficiez de services efficaces, ponctuels et professionnels.\" \/>\n<meta name=\"robots\" content=\"index, follow, max-snippet:-1, max-image-preview:large, max-video-preview:-1\" \/>\n<link rel=\"canonical\" href=\"https:\/\/www.vonbergensa.ch\/de\/jobs\/\" \/>\n<meta property=\"og:locale\" content=\"de_DE\" \/>\n<meta property=\"og:type\" content=\"article\" \/>\n<meta property=\"og:title\" content=\"Jobs | Transports von Bergen SA\" \/>\n<meta property=\"og:description\" content=\"von Bergen SA, c\u2019est votre prestataire supply chain, avec un truc en plus. Pour toutes vos demandes, vous b\u00e9n\u00e9ficiez de services efficaces, ponctuels et professionnels.\" \/>\n<meta property=\"og:url\" content=\"https:\/\/www.vonbergensa.ch\/de\/jobs\/\" \/>\n<meta property=\"og:site_name\" content=\"Transports von Bergen SA\" \/>\n<meta property=\"article:modified_time\" content=\"2026-02-23T13:19:47+00:00\" \/>\n<meta name=\"twitter:card\" content=\"summary_large_image\" \/>\n<meta name=\"twitter:label1\" content=\"Gesch\u00e4tzte Lesezeit\" \/>\n\t<meta name=\"twitter:data1\" content=\"1\u00a0Minute\" \/>\n<script type=\"application\/ld+json\" class=\"yoast-schema-graph\">{\"@context\":\"https:\\\/\\\/schema.org\",\"@graph\":[{\"@type\":\"WebPage\",\"@id\":\"https:\\\/\\\/www.vonbergensa.ch\\\/de\\\/jobs\\\/\",\"url\":\"https:\\\/\\\/www.vonbergensa.ch\\\/de\\\/jobs\\\/\",\"name\":\"Jobs | Transports von Bergen SA\",\"isPartOf\":{\"@id\":\"https:\\\/\\\/www.vonbergensa.ch\\\/de\\\/#website\"},\"datePublished\":\"2021-01-26T09:44:05+00:00\",\"dateModified\":\"2026-02-23T13:19:47+00:00\",\"description\":\"von Bergen SA, c\u2019est votre prestataire supply chain, avec un truc en plus. Pour toutes vos demandes, vous b\u00e9n\u00e9ficiez de services efficaces, ponctuels et professionnels.\",\"breadcrumb\":{\"@id\":\"https:\\\/\\\/www.vonbergensa.ch\\\/de\\\/jobs\\\/#breadcrumb\"},\"inLanguage\":\"de\",\"potentialAction\":[{\"@type\":\"ReadAction\",\"target\":[\"https:\\\/\\\/www.vonbergensa.ch\\\/de\\\/jobs\\\/\"]}]},{\"@type\":\"BreadcrumbList\",\"@id\":\"https:\\\/\\\/www.vonbergensa.ch\\\/de\\\/jobs\\\/#breadcrumb\",\"itemListElement\":[{\"@type\":\"ListItem\",\"position\":1,\"name\":\"Home\",\"item\":\"https:\\\/\\\/www.vonbergensa.ch\\\/de\\\/\"},{\"@type\":\"ListItem\",\"position\":2,\"name\":\"Jobs\"}]},{\"@type\":\"WebSite\",\"@id\":\"https:\\\/\\\/www.vonbergensa.ch\\\/de\\\/#website\",\"url\":\"https:\\\/\\\/www.vonbergensa.ch\\\/de\\\/\",\"name\":\"Transports von Bergen SA\",\"description\":\"\",\"potentialAction\":[{\"@type\":\"SearchAction\",\"target\":{\"@type\":\"EntryPoint\",\"urlTemplate\":\"https:\\\/\\\/www.vonbergensa.ch\\\/de\\\/?s={search_term_string}\"},\"query-input\":{\"@type\":\"PropertyValueSpecification\",\"valueRequired\":true,\"valueName\":\"search_term_string\"}}],\"inLanguage\":\"de\"}]}<\/script>\n<!-- \/ Yoast SEO plugin. -->","yoast_head_json":{"title":"Jobs | Transports von Bergen SA","description":"von Bergen SA, c\u2019est votre prestataire supply chain, avec un truc en plus. Pour toutes vos demandes, vous b\u00e9n\u00e9ficiez de services efficaces, ponctuels et professionnels.","robots":{"index":"index","follow":"follow","max-snippet":"max-snippet:-1","max-image-preview":"max-image-preview:large","max-video-preview":"max-video-preview:-1"},"canonical":"https:\/\/www.vonbergensa.ch\/de\/jobs\/","og_locale":"de_DE","og_type":"article","og_title":"Jobs | Transports von Bergen SA","og_description":"von Bergen SA, c\u2019est votre prestataire supply chain, avec un truc en plus. Pour toutes vos demandes, vous b\u00e9n\u00e9ficiez de services efficaces, ponctuels et professionnels.","og_url":"https:\/\/www.vonbergensa.ch\/de\/jobs\/","og_site_name":"Transports von Bergen SA","article_modified_time":"2026-02-23T13:19:47+00:00","twitter_card":"summary_large_image","twitter_misc":{"Gesch\u00e4tzte Lesezeit":"1\u00a0Minute"},"schema":{"@context":"https:\/\/schema.org","@graph":[{"@type":"WebPage","@id":"https:\/\/www.vonbergensa.ch\/de\/jobs\/","url":"https:\/\/www.vonbergensa.ch\/de\/jobs\/","name":"Jobs | Transports von Bergen SA","isPartOf":{"@id":"https:\/\/www.vonbergensa.ch\/de\/#website"},"datePublished":"2021-01-26T09:44:05+00:00","dateModified":"2026-02-23T13:19:47+00:00","description":"von Bergen SA, c\u2019est votre prestataire supply chain, avec un truc en plus. Pour toutes vos demandes, vous b\u00e9n\u00e9ficiez de services efficaces, ponctuels et professionnels.","breadcrumb":{"@id":"https:\/\/www.vonbergensa.ch\/de\/jobs\/#breadcrumb"},"inLanguage":"de","potentialAction":[{"@type":"ReadAction","target":["https:\/\/www.vonbergensa.ch\/de\/jobs\/"]}]},{"@type":"BreadcrumbList","@id":"https:\/\/www.vonbergensa.ch\/de\/jobs\/#breadcrumb","itemListElement":[{"@type":"ListItem","position":1,"name":"Home","item":"https:\/\/www.vonbergensa.ch\/de\/"},{"@type":"ListItem","position":2,"name":"Jobs"}]},{"@type":"WebSite","@id":"https:\/\/www.vonbergensa.ch\/de\/#website","url":"https:\/\/www.vonbergensa.ch\/de\/","name":"Transports von Bergen SA","description":"","potentialAction":[{"@type":"SearchAction","target":{"@type":"EntryPoint","urlTemplate":"https:\/\/www.vonbergensa.ch\/de\/?s={search_term_string}"},"query-input":{"@type":"PropertyValueSpecification","valueRequired":true,"valueName":"search_term_string"}}],"inLanguage":"de"}]}},"_links":{"self":[{"href":"https:\/\/www.vonbergensa.ch\/de\/wp-json\/wp\/v2\/pages\/609","targetHints":{"allow":["GET"]}}],"collection":[{"href":"https:\/\/www.vonbergensa.ch\/de\/wp-json\/wp\/v2\/pages"}],"about":[{"href":"https:\/\/www.vonbergensa.ch\/de\/wp-json\/wp\/v2\/types\/page"}],"author":[{"embeddable":true,"href":"https:\/\/www.vonbergensa.ch\/de\/wp-json\/wp\/v2\/users\/2"}],"replies":[{"embeddable":true,"href":"https:\/\/www.vonbergensa.ch\/de\/wp-json\/wp\/v2\/comments?post=609"}],"version-history":[{"count":6,"href":"https:\/\/www.vonbergensa.ch\/de\/wp-json\/wp\/v2\/pages\/609\/revisions"}],"predecessor-version":[{"id":2325,"href":"https:\/\/www.vonbergensa.ch\/de\/wp-json\/wp\/v2\/pages\/609\/revisions\/2325"}],"wp:attachment":[{"href":"https:\/\/www.vonbergensa.ch\/de\/wp-json\/wp\/v2\/media?parent=609"}],"curies":[{"name":"wp","href":"https:\/\/api.w.org\/{rel}","templated":true}]}}