{"id":751,"date":"2021-05-19T09:34:01","date_gmt":"2021-05-19T07:34:01","guid":{"rendered":"https:\/\/www.vonbergensa.ch\/von-bergen-dans-les-medias\/"},"modified":"2025-11-12T23:38:54","modified_gmt":"2025-11-12T21:38:54","slug":"von-bergen-in-den-medien","status":"publish","type":"page","link":"https:\/\/www.vonbergensa.ch\/de\/von-bergen-in-den-medien\/","title":{"rendered":"von Bergen in den Medien"},"content":{"rendered":"<div class=\"wpb-content-wrapper\"><p>[vc_row full_width=&#8220;stretch_row&#8220; el_class=&#8220;header&#8220;][vc_column][vc_row_inner][vc_column_inner][vc_column_text]<\/p>\n<h1>von Bergen in den Medien<\/h1>\n<div class=\"page\" title=\"Page 1\">\n<div class=\"layoutArea\">\n<div class=\"column\">Die Medienberichte zu unserer Firma im \u00dcberblick<\/div>\n<\/div>\n<\/div>\n<p>[\/vc_column_text][\/vc_column_inner][\/vc_row_inner][\/vc_column][\/vc_row][vc_row full_width=&#8220;stretch_row&#8220; css=&#8220;.vc_custom_1604324772351{background-color: #e4efed !important;}&#8220;][vc_column][vc_row_inner el_class=&#8220;bottom-30&#8243;][vc_column_inner width=&#8220;1\/4&#8243;][vc_raw_html css=&#8220;&#8220;]JTNDZGl2JTIwY2xhc3MlM0QlMjdwZGYlMjclM0UlM0NhJTIwaHJlZiUzRCUyMmh0dHBzJTNBJTJGJTJGd3d3LnZvbmJlcmdlbnNhLmNoJTJGd3AtY29udGVudCUyRnVwbG9hZHMlMkYyMDI1JTJGMTElMkZJVFpfMjAyNV8xM192b24tQmVyZ2VuLnBkZiUyMiUyMHRhcmdldCUzRCUyMl9ibGFuayUyMiUzRSUzQ2ltZyUyMHNyYyUzRCUyMmh0dHBzJTNBJTJGJTJGd3d3LnZvbmJlcmdlbnNhLmNoJTJGd3AtY29udGVudCUyRnVwbG9hZHMlMkYyMDI1JTJGMTElMkZJVFpfMjAyNV8xM192b24tQmVyZ2VuLmpwZyUyMiUzRSUzQyUyRmElM0UlM0MlMkZkaXYlM0U=[\/vc_raw_html][vc_column_text css=&#8220;.vc_custom_1762983499424{margin-top: 10px !important;}&#8220;]<\/p>\n<p style=\"font-size: 14px !important; line-height: 24px !important; text-align: center;\"><strong>ITJ \u2013 November 2025<\/strong><\/p>\n<p>[\/vc_column_text][\/vc_column_inner][vc_column_inner width=&#8220;1\/4&#8243;][vc_raw_html]JTNDZGl2JTIwY2xhc3MlM0QlMjdwZGYlMjclM0UlM0NhJTIwaHJlZiUzRCUyMmh0dHBzJTNBJTJGJTJGd3d3LnZvbmJlcmdlbnNhLmNoJTJGd3AtY29udGVudCUyRnVwbG9hZHMlMkYyMDI1JTJGMDIlMkZSVE5fQWxmYXNldF8wMS5wZGYlMjIlMjB0YXJnZXQlM0QlMjJfYmxhbmslMjIlM0UlM0NpbWclMjBzcmMlM0QlMjJodHRwcyUzQSUyRiUyRnd3dy52b25iZXJnZW5zYS5jaCUyRndwLWNvbnRlbnQlMkZ1cGxvYWRzJTJGMjAyNSUyRjAyJTJGUlROX0FsZmFzZXRfMDEuanBnJTIyJTNFJTNDJTJGYSUzRSUzQyUyRmRpdiUzRQ==[\/vc_raw_html][vc_column_text css=&#8220;.vc_custom_1738835878500{margin-top: 10px !important;}&#8220;]<\/p>\n<p style=\"font-size: 14px !important; line-height: 24px !important; text-align: center;\"><strong>RTN janvier 2025<\/strong><\/p>\n<p>[\/vc_column_text][\/vc_column_inner][vc_column_inner width=&#8220;1\/4&#8243;][vc_raw_html]JTNDZGl2JTIwY2xhc3MlM0QlMjdwZGYlMjclM0UlM0NhJTIwaHJlZiUzRCUyMmh0dHBzJTNBJTJGJTJGd3d3LnZvbmJlcmdlbnNhLmNoJTJGd3AtY29udGVudCUyRnVwbG9hZHMlMkYyMDI0JTJGMTIlMkYyMDI0RUNIT0RlY2VtYnJlV2ViLTI3LnBkZiUyMiUyMHRhcmdldCUzRCUyMl9ibGFuayUyMiUzRSUzQ2ltZyUyMHNyYyUzRCUyMmh0dHBzJTNBJTJGJTJGd3d3LnZvbmJlcmdlbnNhLmNoJTJGd3AtY29udGVudCUyRnVwbG9hZHMlMkYyMDI0JTJGMTIlMkYyMDI0RUNIT0RlY2VtYnJlV2ViLTI3LmpwZyUyMiUzRSUzQyUyRmElM0UlM0MlMkZkaXYlM0U=[\/vc_raw_html][vc_column_text css=&#8220;.vc_custom_1734536684101{margin-top: 10px !important;}&#8220;]<\/p>\n<p style=\"font-size: 14px !important; line-height: 24px !important; text-align: center;\"><strong>Echo d\u00e9cembre 2024<\/strong><\/p>\n<p>[\/vc_column_text][\/vc_column_inner][vc_column_inner width=&#8220;1\/4&#8243;][vc_raw_html]JTNDZGl2JTIwY2xhc3MlM0QlMjdwZGYlMjclM0UlM0NhJTIwaHJlZiUzRCUyMmh0dHBzJTNBJTJGJTJGZnJhcHAuY2glMkZmciUyRmFydGljbGVzJTJGcGFpZHBvc3RzJTJGdm9uLWJlcmdlbi1zYS1kZW1lbmFnZS1ieXRoZXdheXN0dWRpby1hLW1lZGlhcGFyYyUyMiUyMHRhcmdldCUzRCUyMl9ibGFuayUyMiUzRSUzQ2ltZyUyMHNyYyUzRCUyMmh0dHBzJTNBJTJGJTJGd3d3LnZvbmJlcmdlbnNhLmNoJTJGd3AtY29udGVudCUyRnVwbG9hZHMlMkYyMDI0JTJGMTAlMkZmcmFwcC12b25iZXJnZW4ucG5nJTIyJTNFJTNDJTJGYSUzRSUzQyUyRmRpdiUzRQ==[\/vc_raw_html][vc_column_text css=&#8220;.vc_custom_1727906699849{margin-top: 10px !important;}&#8220;]<\/p>\n<p style=\"font-size: 14px !important; line-height: 24px !important; text-align: center;\"><strong>von Bergen SA d\u00e9m\u00e9nage bytheway.studio \u00e0 MEDIAparc !<\/strong><\/p>\n<p>[\/vc_column_text][\/vc_column_inner][\/vc_row_inner][vc_row_inner el_class=&#8220;top-30&#8243;][vc_column_inner width=&#8220;1\/4&#8243;][vc_raw_html]JTNDZGl2JTIwY2xhc3MlM0QlMjdwZGYlMjclM0UlM0NhJTIwaHJlZiUzRCUyMmh0dHBzJTNBJTJGJTJGd3d3LnZvbmJlcmdlbnNhLmNoJTJGd3AtY29udGVudCUyRnVwbG9hZHMlMkYyMDI0JTJGMDYlMkZ2b24tQmVyZ2VuLUFydGljbGUtSVRKLVNwZWNpYWwtU3Vpc3NlLVJvbWFuZGUtSnVpbi0yMDI0LnBkZiUyMiUyMHRhcmdldCUzRCUyMl9ibGFuayUyMiUzRSUzQ2ltZyUyMHNyYyUzRCUyMmh0dHBzJTNBJTJGJTJGd3d3LnZvbmJlcmdlbnNhLmNoJTJGd3AtY29udGVudCUyRnVwbG9hZHMlMkYyMDI0JTJGMDYlMkZBcnRpY2xlLUlUSi1TcGVjaWFsLVN1aXNzZS1Sb21hbmRlLUp1aW4tMjAyNC02LmpwZyUyMiUzRSUzQyUyRmElM0UlM0MlMkZkaXYlM0U=[\/vc_raw_html][vc_column_text css=&#8220;.vc_custom_1718282298386{margin-top: 10px !important;}&#8220;]<\/p>\n<p style=\"font-size: 14px !important; line-height: 24px !important; text-align: center;\"><strong>Article ITJ Special Suisse Romande \u2013 Juin 2024<\/strong><\/p>\n<p>[\/vc_column_text][\/vc_column_inner][vc_column_inner width=&#8220;1\/4&#8243;][vc_raw_html]JTNDZGl2JTIwY2xhc3MlM0QlMjdwZGYlMjclM0UlM0NhJTIwaHJlZiUzRCUyMmh0dHBzJTNBJTJGJTJGd3d3LnZvbmJlcmdlbnNhLmNoJTJGd3AtY29udGVudCUyRnRoZW1lcyUyRnZvbmJlcmdlbiUyRnZpZGVvcyUyRnJlcG9ydGFnZS1sYS10ZWxlX3ZlaGljdWxlLWVsZWN0cmlxdWVfanVpbi0yMDI0Lm1wNCUyMiUyMHRhcmdldCUzRCUyMl9ibGFuayUyMiUzRSUzQ2ltZyUyMHNyYyUzRCUyMmh0dHBzJTNBJTJGJTJGd3d3LnZvbmJlcmdlbnNhLmNoJTJGd3AtY29udGVudCUyRnVwbG9hZHMlMkYyMDI0JTJGMDYlMkZyZXBvcnRhZ2Utdm9uYmVyZ2VuLmpwZyUyMiUzRSUzQyUyRmElM0UlM0MlMkZkaXYlM0U=[\/vc_raw_html][vc_column_text css=&#8220;.vc_custom_1718282284234{margin-top: 10px !important;}&#8220;]<\/p>\n<p style=\"font-size: 14px !important; line-height: 24px !important; text-align: center;\"><strong>Reportage La T\u00e9l\u00e9 \u2013 V\u00e9hicule \u00e9lectrique \u2013 Juin 2024<\/strong><\/p>\n<p>[\/vc_column_text][\/vc_column_inner][vc_column_inner width=&#8220;1\/4&#8243;][vc_raw_html]JTNDZGl2JTIwY2xhc3MlM0QlMjdwZGYlMjclM0UlM0NhJTIwaHJlZiUzRCUyMmh0dHBzJTNBJTJGJTJGd3d3LnZvbmJlcmdlbnNhLmNoJTJGd3AtY29udGVudCUyRnVwbG9hZHMlMkYyMDI0JTJGMDUlMkZhcnRpY2xlLWxpYmVydGUtbWFpLTI0LW9wdC5wZGYlMjIlMjB0YXJnZXQlM0QlMjJfYmxhbmslMjIlM0UlM0NpbWclMjBzcmMlM0QlMjJodHRwcyUzQSUyRiUyRnd3dy52b25iZXJnZW5zYS5jaCUyRndwLWNvbnRlbnQlMkZ1cGxvYWRzJTJGMjAyNCUyRjA1JTJGYXJ0aWNsZS1saWJlcnRlLW1haS0yNC1vcHQuanBnJTIyJTNFJTNDJTJGYSUzRSUzQyUyRmRpdiUzRQ==[\/vc_raw_html][vc_column_text css=&#8220;.vc_custom_1716881259148{margin-top: 10px !important;}&#8220;]<\/p>\n<p style=\"font-size: 14px !important; line-height: 24px !important; text-align: center;\"><strong>La Libert\u00e9 &#8211; Mai 2024<\/strong><\/p>\n<p>[\/vc_column_text][\/vc_column_inner][vc_column_inner width=&#8220;1\/4&#8243;][vc_raw_html]JTNDZGl2JTIwY2xhc3MlM0QlMjdwZGYlMjclM0UlM0NhJTIwaHJlZiUzRCUyMmh0dHBzJTNBJTJGJTJGd3d3LnZvbmJlcmdlbnNhLmNoJTJGd3AtY29udGVudCUyRnVwbG9hZHMlMkYyMDI0JTJGMDQlMkYyNF9TVFIwMzA0X0FyY2hpdnBlcmxlbl9ELnBkZiUyMiUyMHRhcmdldCUzRCUyMl9ibGFuayUyMiUzRSUzQ2ltZyUyMHNyYyUzRCUyMmh0dHBzJTNBJTJGJTJGd3d3LnZvbmJlcmdlbnNhLmNoJTJGd3AtY29udGVudCUyRnVwbG9hZHMlMkYyMDI0JTJGMDQlMkYyNF9TVFIwMzA0X0FyY2hpdnBlcmxlbl9ELmpwZyUyMiUzRSUzQyUyRmElM0UlM0MlMkZkaXYlM0U=[\/vc_raw_html][vc_column_text css=&#8220;.vc_custom_1713473062863{margin-top: 10px !important;}&#8220;]<\/p>\n<p style=\"font-size: 14px !important; line-height: 24px !important; text-align: center;\"><strong>Archivperlen &#8211; Mai 2024<\/strong><\/p>\n<p>[\/vc_column_text][\/vc_column_inner][\/vc_row_inner][vc_row_inner el_class=&#8220;top-30&#8243;][vc_column_inner width=&#8220;1\/4&#8243;][vc_raw_html]JTNDZGl2JTIwY2xhc3MlM0QlMjdwZGYlMjclM0UlM0NhJTIwaHJlZiUzRCUyMmh0dHBzJTNBJTJGJTJGbGF0ZWxlLmNoJTJGZW1pc3Npb25zJTJGaW5mby1mcmlib3VyZyUyRmluZm8tZnJpYm91cmctcy0yMDIzLWUtNjElM0ZzJTNEMyUyMiUyMHRhcmdldCUzRCUyMl9ibGFuayUyMiUzRSUzQ2ltZyUyMHNyYyUzRCUyMmh0dHBzJTNBJTJGJTJGd3d3LnZvbmJlcmdlbnNhLmNoJTJGd3AtY29udGVudCUyRnVwbG9hZHMlMkYyMDIzJTJGMDMlMkZzbGFjay1pbWdzLmpwZyUyMiUzRSUzQyUyRmElM0UlM0MlMkZkaXYlM0U=[\/vc_raw_html][vc_column_text css=&#8220;.vc_custom_1680183413094{margin-top: 10px !important;}&#8220;]<\/p>\n<p style=\"font-size: 14px !important; line-height: 24px !important; text-align: center;\"><strong>Info Fribourg &#8211; La T\u00e9l\u00e9 \u2013 28\/03\/23<\/strong><\/p>\n<p>[\/vc_column_text][\/vc_column_inner][vc_column_inner width=&#8220;1\/4&#8243;][vc_raw_html]JTNDZGl2JTIwY2xhc3MlM0QlMjdwZGYlMjclM0UlM0NhJTIwaHJlZiUzRCUyMmh0dHBzJTNBJTJGJTJGd3d3LnZvbmJlcmdlbnNhLmNoJTJGd3AtY29udGVudCUyRnVwbG9hZHMlMkYyMDIzJTJGMDElMkZNZWRpYV9JbmZvX2dlbWVpbnNhbV91bnRlcndlZ3NfMjBfSDJfRWxla3Ryb19UcnVja3NfZmFocmVuX2dlbWVpbnNhbV9kZW5fNV9taWxsaW9uc3Rlbl9LaWxvbWV0ZXJfREUucGRmJTIyJTIwdGFyZ2V0JTNEJTIyX2JsYW5rJTIyJTNFJTNDaW1nJTIwc3JjJTNEJTIyaHR0cHMlM0ElMkYlMkZ3d3cudm9uYmVyZ2Vuc2EuY2glMkZ3cC1jb250ZW50JTJGdXBsb2FkcyUyRjIwMjMlMkYwMSUyRk1lZGlhX0luZm9fZ2VtZWluc2FtX3VudGVyd2Vnc18yMF9IMl9FbGVrdHJvX1RydWNrc19mYWhyZW5fZ2VtZWluc2FtX2Rlbl81X21pbGxpb25zdGVuX0tpbG9tZXRlcl9ERS0xLmpwZyUyMiUzRSUzQyUyRmElM0UlM0MlMkZkaXYlM0U=[\/vc_raw_html][vc_column_text css=&#8220;.vc_custom_1675156801631{margin-top: 10px !important;}&#8220;]<\/p>\n<p style=\"font-size: 14px !important; line-height: 24px !important; text-align: center;\"><strong>H2 Trucker Meeting &#8211; 10\/22<br \/>\n<\/strong>[\/vc_column_text][\/vc_column_inner][vc_column_inner width=&#8220;1\/4&#8243;][vc_raw_html]JTNDZGl2JTIwY2xhc3MlM0QlMjdwZGYlMjclM0UlM0NhJTIwaHJlZiUzRCUyMmh0dHBzJTNBJTJGJTJGd3d3LnZvbmJlcmdlbnNhLmNoJTJGd3AtY29udGVudCUyRnVwbG9hZHMlMkYyMDIzJTJGMDElMkZIQ0NfQWxsQWNjZXNzX05vMTBfRGF1Y291cnQlMjZEdWJvaXMucGRmJTIyJTIwdGFyZ2V0JTNEJTIyX2JsYW5rJTIyJTNFJTNDaW1nJTIwc3JjJTNEJTIyaHR0cHMlM0ElMkYlMkZ3d3cudm9uYmVyZ2Vuc2EuY2glMkZ3cC1jb250ZW50JTJGdXBsb2FkcyUyRjIwMjMlMkYwMSUyRmFsbF9hY2Vzc18yMDIzLmpwZyUyMiUzRSUzQyUyRmElM0UlM0MlMkZkaXYlM0U=[\/vc_raw_html][vc_column_text css=&#8220;.vc_custom_1673278168953{margin-top: 10px !important;}&#8220;]<\/p>\n<p style=\"font-size: 14px !important; line-height: 24px !important; text-align: center;\"><strong>ALL ACCESS N\u00b010<br \/>\n<\/strong>[\/vc_column_text][\/vc_column_inner][vc_column_inner width=&#8220;1\/4&#8243;][vc_raw_html]JTNDZGl2JTIwY2xhc3MlM0QlMjdwZGYlMjclM0UlM0NhJTIwaHJlZiUzRCUyMmh0dHBzJTNBJTJGJTJGd3d3LnZvbmJlcmdlbnNhLmNoJTJGd3AtY29udGVudCUyRnVwbG9hZHMlMkYyMDIyJTJGMDMlMkZsaWJfMjAyMjAzMTBfMF8wXzkucGRmJTIyJTIwdGFyZ2V0JTNEJTIyX2JsYW5rJTIyJTNFJTNDaW1nJTIwc3JjJTNEJTIyaHR0cHMlM0ElMkYlMkZ3d3cudm9uYmVyZ2Vuc2EuY2glMkZ3cC1jb250ZW50JTJGdXBsb2FkcyUyRjIwMjIlMkYwMyUyRnZpZ25ldHRlX2xpYmVydGVfMjAyMjAzMTAuanBnJTIyJTNFJTNDJTJGYSUzRSUzQyUyRmRpdiUzRQ==[\/vc_raw_html][vc_column_text css=&#8220;.vc_custom_1647012590866{margin-top: 10px !important;}&#8220;]<\/p>\n<p style=\"font-size: 14px !important; line-height: 24px !important; text-align: center;\"><strong>La Libert\u00e9 mars 2022<\/strong><\/p>\n<p>[\/vc_column_text][\/vc_column_inner][\/vc_row_inner][vc_row_inner el_class=&#8220;top-30&#8243;][vc_column_inner width=&#8220;1\/4&#8243;][vc_raw_html]JTNDZGl2JTIwY2xhc3MlM0QlMjdwZGYlMjclM0UlM0NhJTIwaHJlZiUzRCUyMmh0dHBzJTNBJTJGJTJGd3d3LnJ0cy5jaCUyRnBsYXklMkZ0diUyRnJlZGlyZWN0JTJGZGV0YWlsJTJGMTI5MjA3MTclMjIlMjB0YXJnZXQlM0QlMjJfYmxhbmslMjIlM0UlM0NpbWclMjBzcmMlM0QlMjJodHRwcyUzQSUyRiUyRnd3dy52b25iZXJnZW5zYS5jaCUyRndwLWNvbnRlbnQlMkZ1cGxvYWRzJTJGMjAyMiUyRjAzJTJGdmlnbmV0dGVfcnRzXzA3MDMyMi5qcGclMjIlM0UlM0MlMkZhJTNFJTNDJTJGZGl2JTNF[\/vc_raw_html][vc_column_text css=&#8220;.vc_custom_1646746221642{margin-top: 10px !important;}&#8220;]<\/p>\n<p style=\"font-size: 14px !important; line-height: 24px !important; text-align: center;\"><strong>19h30, RTS1, 07\/03\/22<\/strong><\/p>\n<p>[\/vc_column_text][\/vc_column_inner][vc_column_inner width=&#8220;1\/4&#8243;][vc_raw_html]JTNDZGl2JTIwY2xhc3MlM0QlMjdwZGYlMjclM0UlM0NhJTIwaHJlZiUzRCUyMmh0dHBzJTNBJTJGJTJGd3d3LnZvbmJlcmdlbnNhLmNoJTJGd3AtY29udGVudCUyRnVwbG9hZHMlMkYyMDIxJTJGMDklMkZlY2hvXzA5MjEucGRmJTIyJTIwdGFyZ2V0JTNEJTIyX2JsYW5rJTIyJTNFJTNDaW1nJTIwc3JjJTNEJTIyaHR0cHMlM0ElMkYlMkZ3d3cudm9uYmVyZ2Vuc2EuY2glMkZ3cC1jb250ZW50JTJGdXBsb2FkcyUyRjIwMjElMkYwOSUyRnZpZ25ldHRlX2VjaG9fMDkyMS5qcGclMjIlM0UlM0MlMkZhJTNFJTNDJTJGZGl2JTNF[\/vc_raw_html][vc_column_text css=&#8220;.vc_custom_1632821216943{margin-top: 10px !important;}&#8220;]<\/p>\n<p style=\"font-size: 14px !important; line-height: 24px !important; text-align: center;\"><strong>Echo septembre 2021<br \/>\n<\/strong>[\/vc_column_text][\/vc_column_inner][vc_column_inner width=&#8220;1\/4&#8243;][vc_raw_html]JTNDZGl2JTIwY2xhc3MlM0QlMjdwZGYlMjclM0UlM0NhJTIwaHJlZiUzRCUyMmh0dHBzJTNBJTJGJTJGd3d3LnZvbmJlcmdlbnNhLmNoJTJGd3AtY29udGVudCUyRnVwbG9hZHMlMkYyMDIxJTJGMDclMkZWQl9lY2hvX2p1aW4yMS5wZGYlMjIlMjB0YXJnZXQlM0QlMjJfYmxhbmslMjIlM0UlM0NpbWclMjBzcmMlM0QlMjJodHRwcyUzQSUyRiUyRnd3dy52b25iZXJnZW5zYS5jaCUyRndwLWNvbnRlbnQlMkZ1cGxvYWRzJTJGMjAyMSUyRjA3JTJGdmlnbmV0dGVfZWNob19qdWluMjEuanBnJTIyJTNFJTNDJTJGYSUzRSUzQyUyRmRpdiUzRQ==[\/vc_raw_html][vc_column_text css=&#8220;.vc_custom_1625554411455{margin-top: 10px !important;}&#8220;]<\/p>\n<p style=\"font-size: 14px !important; line-height: 24px !important; text-align: center;\"><strong>Echo juin 2021<br \/>\n<\/strong>[\/vc_column_text][\/vc_column_inner][vc_column_inner width=&#8220;1\/4&#8243;][vc_raw_html]JTNDZGl2JTIwY2xhc3MlM0QlMjdwZGYlMjclM0UlM0NhJTIwaHJlZiUzRCUyMmh0dHBzJTNBJTJGJTJGd3d3LnZvbmJlcmdlbnNhLmNoJTJGd3AtY29udGVudCUyRnVwbG9hZHMlMkYyMDIxJTJGMDclMkZWQl9zd2lzc2NhbWlvbl9tYWkyMS5wZGYlMjIlMjB0YXJnZXQlM0QlMjJfYmxhbmslMjIlM0UlM0NpbWclMjBzcmMlM0QlMjJodHRwcyUzQSUyRiUyRnd3dy52b25iZXJnZW5zYS5jaCUyRndwLWNvbnRlbnQlMkZ1cGxvYWRzJTJGMjAyMSUyRjA3JTJGdmlnbmV0dGVfc3dpc3NjYW1pb25fbWFpMjEuanBnJTIyJTNFJTNDJTJGYSUzRSUzQyUyRmRpdiUzRQ==[\/vc_raw_html][vc_column_text css=&#8220;.vc_custom_1625554383313{margin-top: 10px !important;}&#8220;]<\/p>\n<p style=\"font-size: 14px !important; line-height: 24px !important; text-align: center;\"><strong>SwissCamion mai 2021<br \/>\n<\/strong>[\/vc_column_text][\/vc_column_inner][\/vc_row_inner][vc_row_inner el_class=&#8220;top-30&#8243;][vc_column_inner width=&#8220;1\/4&#8243;][vc_raw_html]JTNDZGl2JTIwY2xhc3MlM0QlMjdwZGYlMjclM0UlM0NhJTIwaHJlZiUzRCUyMmh0dHBzJTNBJTJGJTJGd3d3LnZvbmJlcmdlbnNhLmNoJTJGd3AtY29udGVudCUyRnVwbG9hZHMlMkYyMDIxJTJGMDclMkZWQl9uZXN0bGUlMjVDQyUyNTgxX21haTIxLnBkZiUyMiUyMHRhcmdldCUzRCUyMl9ibGFuayUyMiUzRSUzQ2ltZyUyMHNyYyUzRCUyMmh0dHBzJTNBJTJGJTJGd3d3LnZvbmJlcmdlbnNhLmNoJTJGd3AtY29udGVudCUyRnVwbG9hZHMlMkYyMDIxJTJGMDclMkZ2aWduZXR0ZV9uZXN0bGVfbWFpMjEuanBnJTIyJTNFJTNDJTJGYSUzRSUzQyUyRmRpdiUzRQ==[\/vc_raw_html][vc_column_text css=&#8220;.vc_custom_1625554349406{margin-top: 10px !important;}&#8220;]<\/p>\n<p style=\"font-size: 14px !important; line-height: 24px !important; text-align: center;\"><strong>Nestl\u00e9 mai 2021<br \/>\n<\/strong>[\/vc_column_text][\/vc_column_inner][vc_column_inner width=&#8220;1\/4&#8243;][vc_raw_html]JTNDZGl2JTIwY2xhc3MlM0QlMjdwZGYlMjclM0UlM0NhJTIwaHJlZiUzRCUyMmh0dHBzJTNBJTJGJTJGd3d3LnZvbmJlcmdlbnNhLmNoJTJGd3AtY29udGVudCUyRnVwbG9hZHMlMkYyMDIxJTJGMDclMkZWQl9sYWxpYmVydGVfYXZyaWwyMS5wZGYlMjIlMjB0YXJnZXQlM0QlMjJfYmxhbmslMjIlM0UlM0NpbWclMjBzcmMlM0QlMjJodHRwcyUzQSUyRiUyRnd3dy52b25iZXJnZW5zYS5jaCUyRndwLWNvbnRlbnQlMkZ1cGxvYWRzJTJGMjAyMSUyRjA3JTJGdmlnbmV0dGVfbGFsaWJlcnRlX2F2cmlsMjEuanBnJTIyJTNFJTNDJTJGYSUzRSUzQyUyRmRpdiUzRQ==[\/vc_raw_html][vc_column_text css=&#8220;.vc_custom_1625554308022{margin-top: 10px !important;}&#8220;]<\/p>\n<p style=\"font-size: 14px !important; line-height: 24px !important; text-align: center;\"><strong>La Libert\u00e9 avril 2021<br \/>\n<\/strong>[\/vc_column_text][\/vc_column_inner][vc_column_inner width=&#8220;1\/4&#8243;][vc_raw_html]JTNDZGl2JTIwY2xhc3MlM0QlMjdwZGYlMjclM0UlM0NhJTIwaHJlZiUzRCUyMmh0dHBzJTNBJTJGJTJGd3d3LnZvbmJlcmdlbnNhLmNoJTJGd3AtY29udGVudCUyRnVwbG9hZHMlMkYyMDIxJTJGMDclMkZWQl9zd2lzc2NhbWlvbl9tYXJzMjEucGRmJTIyJTIwdGFyZ2V0JTNEJTIyX2JsYW5rJTIyJTNFJTNDaW1nJTIwc3JjJTNEJTIyaHR0cHMlM0ElMkYlMkZ3d3cudm9uYmVyZ2Vuc2EuY2glMkZ3cC1jb250ZW50JTJGdXBsb2FkcyUyRjIwMjElMkYwNyUyRnZpZ25ldHRlX3N3aXNzY2FtaW9uX21hcnMyMS5qcGclMjIlM0UlM0MlMkZhJTNFJTNDJTJGZGl2JTNF[\/vc_raw_html][vc_column_text css=&#8220;.vc_custom_1625554201559{margin-top: 10px !important;}&#8220;]<\/p>\n<p style=\"font-size: 14px !important; line-height: 24px !important; text-align: center;\"><strong>SwissCamion mars 2021<br \/>\n<\/strong>[\/vc_column_text][\/vc_column_inner][vc_column_inner width=&#8220;1\/4&#8243;][vc_raw_html]JTNDZGl2JTIwY2xhc3MlM0QlMjdwZGYlMjclM0UlM0NhJTIwaHJlZiUzRCUyMmh0dHBzJTNBJTJGJTJGd3d3LnZvbmJlcmdlbnNhLmNoJTJGd3AtY29udGVudCUyRnVwbG9hZHMlMkYyMDIxJTJGMDklMkZUcmFuc3BvcnRzLXZvbi1CZXJnZW5fMnAxLVBVQl9GUjIxX0JBVF8xLnBkZiUyMiUyMHRhcmdldCUzRCUyMl9ibGFuayUyMiUzRSUzQ2ltZyUyMHNyYyUzRCUyMmh0dHBzJTNBJTJGJTJGd3d3LnZvbmJlcmdlbnNhLmNoJTJGd3AtY29udGVudCUyRnVwbG9hZHMlMkYyMDIxJTJGMDklMkZ2aWduZXR0ZV9iaWVudml2cmVmcmlib3VyZzJfYW91dDIxLmpwZyUyMiUzRSUzQyUyRmElM0UlM0MlMkZkaXYlM0U=[\/vc_raw_html][vc_column_text css=&#8220;.vc_custom_1630490066569{margin-top: 10px !important;}&#8220;]<\/p>\n<p style=\"font-size: 14px !important; line-height: 24px !important; text-align: center;\"><strong>Bien vivre \u00e0 Fribourg ao\u00fbt 2021<br \/>\n<\/strong>[\/vc_column_text][\/vc_column_inner][\/vc_row_inner][\/vc_column][\/vc_row]<\/p>\n<\/div>","protected":false},"excerpt":{"rendered":"<p>[vc_row full_width=&#8220;stretch_row&#8220; el_class=&#8220;header&#8220;][vc_column][vc_row_inner][vc_column_inner][vc_column_text] von Bergen in den Medien Die Medienberichte zu unserer Firma im \u00dcberblick [\/vc_column_text][\/vc_column_inner][\/vc_row_inner][\/vc_column][\/vc_row][vc_row full_width=&#8220;stretch_row&#8220; css=&#8220;.vc_custom_1604324772351{background-color: #e4efed !important;}&#8220;][vc_column][vc_row_inner el_class=&#8220;bottom-30&#8243;][vc_column_inner width=&#8220;1\/4&#8243;][vc_raw_html css=&#8220;&#8220;]JTNDZGl2JTIwY2xhc3MlM0QlMjdwZGYlMjclM0UlM0NhJTIwaHJlZiUzRCUyMmh0dHBzJTNBJTJGJTJGd3d3LnZvbmJlcmdlbnNhLmNoJTJGd3AtY29udGVudCUyRnVwbG9hZHMlMkYyMDI1JTJGMTElMkZJVFpfMjAyNV8xM192b24tQmVyZ2VuLnBkZiUyMiUyMHRhcmdldCUzRCUyMl9ibGFuayUyMiUzRSUzQ2ltZyUyMHNyYyUzRCUyMmh0dHBzJTNBJTJGJTJGd3d3LnZvbmJlcmdlbnNhLmNoJTJGd3AtY29udGVudCUyRnVwbG9hZHMlMkYyMDI1JTJGMTElMkZJVFpfMjAyNV8xM192b24tQmVyZ2VuLmpwZyUyMiUzRSUzQyUyRmElM0UlM0MlMkZkaXYlM0U=[\/vc_raw_html][vc_column_text css=&#8220;.vc_custom_1762983499424{margin-top: 10px !important;}&#8220;] ITJ \u2013 November 2025 [\/vc_column_text][\/vc_column_inner][vc_column_inner width=&#8220;1\/4&#8243;][vc_raw_html]JTNDZGl2JTIwY2xhc3MlM0QlMjdwZGYlMjclM0UlM0NhJTIwaHJlZiUzRCUyMmh0dHBzJTNBJTJGJTJGd3d3LnZvbmJlcmdlbnNhLmNoJTJGd3AtY29udGVudCUyRnVwbG9hZHMlMkYyMDI1JTJGMDIlMkZSVE5fQWxmYXNldF8wMS5wZGYlMjIlMjB0YXJnZXQlM0QlMjJfYmxhbmslMjIlM0UlM0NpbWclMjBzcmMlM0QlMjJodHRwcyUzQSUyRiUyRnd3dy52b25iZXJnZW5zYS5jaCUyRndwLWNvbnRlbnQlMkZ1cGxvYWRzJTJGMjAyNSUyRjAyJTJGUlROX0FsZmFzZXRfMDEuanBnJTIyJTNFJTNDJTJGYSUzRSUzQyUyRmRpdiUzRQ==[\/vc_raw_html][vc_column_text css=&#8220;.vc_custom_1738835878500{margin-top: 10px !important;}&#8220;] RTN janvier 2025 [\/vc_column_text][\/vc_column_inner][vc_column_inner width=&#8220;1\/4&#8243;][vc_raw_html]JTNDZGl2JTIwY2xhc3MlM0QlMjdwZGYlMjclM0UlM0NhJTIwaHJlZiUzRCUyMmh0dHBzJTNBJTJGJTJGd3d3LnZvbmJlcmdlbnNhLmNoJTJGd3AtY29udGVudCUyRnVwbG9hZHMlMkYyMDI0JTJGMTIlMkYyMDI0RUNIT0RlY2VtYnJlV2ViLTI3LnBkZiUyMiUyMHRhcmdldCUzRCUyMl9ibGFuayUyMiUzRSUzQ2ltZyUyMHNyYyUzRCUyMmh0dHBzJTNBJTJGJTJGd3d3LnZvbmJlcmdlbnNhLmNoJTJGd3AtY29udGVudCUyRnVwbG9hZHMlMkYyMDI0JTJGMTIlMkYyMDI0RUNIT0RlY2VtYnJlV2ViLTI3LmpwZyUyMiUzRSUzQyUyRmElM0UlM0MlMkZkaXYlM0U=[\/vc_raw_html][vc_column_text css=&#8220;.vc_custom_1734536684101{margin-top: 10px !important;}&#8220;] Echo d\u00e9cembre 2024 [\/vc_column_text][\/vc_column_inner][vc_column_inner width=&#8220;1\/4&#8243;][vc_raw_html]JTNDZGl2JTIwY2xhc3MlM0QlMjdwZGYlMjclM0UlM0NhJTIwaHJlZiUzRCUyMmh0dHBzJTNBJTJGJTJGZnJhcHAuY2glMkZmciUyRmFydGljbGVzJTJGcGFpZHBvc3RzJTJGdm9uLWJlcmdlbi1zYS1kZW1lbmFnZS1ieXRoZXdheXN0dWRpby1hLW1lZGlhcGFyYyUyMiUyMHRhcmdldCUzRCUyMl9ibGFuayUyMiUzRSUzQ2ltZyUyMHNyYyUzRCUyMmh0dHBzJTNBJTJGJTJGd3d3LnZvbmJlcmdlbnNhLmNoJTJGd3AtY29udGVudCUyRnVwbG9hZHMlMkYyMDI0JTJGMTAlMkZmcmFwcC12b25iZXJnZW4ucG5nJTIyJTNFJTNDJTJGYSUzRSUzQyUyRmRpdiUzRQ==[\/vc_raw_html][vc_column_text css=&#8220;.vc_custom_1727906699849{margin-top: 10px !important;}&#8220;] von Bergen SA d\u00e9m\u00e9nage [&hellip;]<\/p>\n","protected":false},"author":2,"featured_media":0,"parent":0,"menu_order":0,"comment_status":"closed","ping_status":"closed","template":"","meta":{"_acf_changed":false,"inline_featured_image":false,"footnotes":""},"class_list":["post-751","page","type-page","status-publish","hentry"],"acf":[],"yoast_head":"<!-- This site is optimized with the Yoast SEO plugin v27.5 - https:\/\/yoast.com\/product\/yoast-seo-wordpress\/ -->\n<title>von Bergen in den Medien | Transports von Bergen SA<\/title>\n<meta name=\"description\" content=\"Die Medienberichte zu unserer Firma im \u00dcberblick\" \/>\n<meta name=\"robots\" content=\"index, follow, max-snippet:-1, max-image-preview:large, max-video-preview:-1\" \/>\n<link rel=\"canonical\" href=\"https:\/\/www.vonbergensa.ch\/de\/von-bergen-in-den-medien\/\" \/>\n<meta property=\"og:locale\" content=\"de_DE\" \/>\n<meta property=\"og:type\" content=\"article\" \/>\n<meta property=\"og:title\" content=\"von Bergen in den Medien | Transports von Bergen SA\" \/>\n<meta property=\"og:description\" content=\"Die Medienberichte zu unserer Firma im \u00dcberblick\" \/>\n<meta property=\"og:url\" content=\"https:\/\/www.vonbergensa.ch\/de\/von-bergen-in-den-medien\/\" \/>\n<meta property=\"og:site_name\" content=\"Transports von Bergen SA\" \/>\n<meta property=\"article:modified_time\" content=\"2025-11-12T21:38:54+00:00\" \/>\n<meta name=\"twitter:card\" content=\"summary_large_image\" \/>\n<meta name=\"twitter:label1\" content=\"Gesch\u00e4tzte Lesezeit\" \/>\n\t<meta name=\"twitter:data1\" content=\"2\u00a0Minuten\" \/>\n<script type=\"application\/ld+json\" class=\"yoast-schema-graph\">{\"@context\":\"https:\\\/\\\/schema.org\",\"@graph\":[{\"@type\":\"WebPage\",\"@id\":\"https:\\\/\\\/www.vonbergensa.ch\\\/de\\\/von-bergen-in-den-medien\\\/\",\"url\":\"https:\\\/\\\/www.vonbergensa.ch\\\/de\\\/von-bergen-in-den-medien\\\/\",\"name\":\"von Bergen in den Medien | Transports von Bergen SA\",\"isPartOf\":{\"@id\":\"https:\\\/\\\/www.vonbergensa.ch\\\/de\\\/#website\"},\"datePublished\":\"2021-05-19T07:34:01+00:00\",\"dateModified\":\"2025-11-12T21:38:54+00:00\",\"description\":\"Die Medienberichte zu unserer Firma im \u00dcberblick\",\"breadcrumb\":{\"@id\":\"https:\\\/\\\/www.vonbergensa.ch\\\/de\\\/von-bergen-in-den-medien\\\/#breadcrumb\"},\"inLanguage\":\"de\",\"potentialAction\":[{\"@type\":\"ReadAction\",\"target\":[\"https:\\\/\\\/www.vonbergensa.ch\\\/de\\\/von-bergen-in-den-medien\\\/\"]}]},{\"@type\":\"BreadcrumbList\",\"@id\":\"https:\\\/\\\/www.vonbergensa.ch\\\/de\\\/von-bergen-in-den-medien\\\/#breadcrumb\",\"itemListElement\":[{\"@type\":\"ListItem\",\"position\":1,\"name\":\"Home\",\"item\":\"https:\\\/\\\/www.vonbergensa.ch\\\/de\\\/\"},{\"@type\":\"ListItem\",\"position\":2,\"name\":\"von Bergen in den Medien\"}]},{\"@type\":\"WebSite\",\"@id\":\"https:\\\/\\\/www.vonbergensa.ch\\\/de\\\/#website\",\"url\":\"https:\\\/\\\/www.vonbergensa.ch\\\/de\\\/\",\"name\":\"Transports von Bergen SA\",\"description\":\"\",\"potentialAction\":[{\"@type\":\"SearchAction\",\"target\":{\"@type\":\"EntryPoint\",\"urlTemplate\":\"https:\\\/\\\/www.vonbergensa.ch\\\/de\\\/?s={search_term_string}\"},\"query-input\":{\"@type\":\"PropertyValueSpecification\",\"valueRequired\":true,\"valueName\":\"search_term_string\"}}],\"inLanguage\":\"de\"}]}<\/script>\n<!-- \/ Yoast SEO plugin. -->","yoast_head_json":{"title":"von Bergen in den Medien | Transports von Bergen SA","description":"Die Medienberichte zu unserer Firma im \u00dcberblick","robots":{"index":"index","follow":"follow","max-snippet":"max-snippet:-1","max-image-preview":"max-image-preview:large","max-video-preview":"max-video-preview:-1"},"canonical":"https:\/\/www.vonbergensa.ch\/de\/von-bergen-in-den-medien\/","og_locale":"de_DE","og_type":"article","og_title":"von Bergen in den Medien | Transports von Bergen SA","og_description":"Die Medienberichte zu unserer Firma im \u00dcberblick","og_url":"https:\/\/www.vonbergensa.ch\/de\/von-bergen-in-den-medien\/","og_site_name":"Transports von Bergen SA","article_modified_time":"2025-11-12T21:38:54+00:00","twitter_card":"summary_large_image","twitter_misc":{"Gesch\u00e4tzte Lesezeit":"2\u00a0Minuten"},"schema":{"@context":"https:\/\/schema.org","@graph":[{"@type":"WebPage","@id":"https:\/\/www.vonbergensa.ch\/de\/von-bergen-in-den-medien\/","url":"https:\/\/www.vonbergensa.ch\/de\/von-bergen-in-den-medien\/","name":"von Bergen in den Medien | Transports von Bergen SA","isPartOf":{"@id":"https:\/\/www.vonbergensa.ch\/de\/#website"},"datePublished":"2021-05-19T07:34:01+00:00","dateModified":"2025-11-12T21:38:54+00:00","description":"Die Medienberichte zu unserer Firma im \u00dcberblick","breadcrumb":{"@id":"https:\/\/www.vonbergensa.ch\/de\/von-bergen-in-den-medien\/#breadcrumb"},"inLanguage":"de","potentialAction":[{"@type":"ReadAction","target":["https:\/\/www.vonbergensa.ch\/de\/von-bergen-in-den-medien\/"]}]},{"@type":"BreadcrumbList","@id":"https:\/\/www.vonbergensa.ch\/de\/von-bergen-in-den-medien\/#breadcrumb","itemListElement":[{"@type":"ListItem","position":1,"name":"Home","item":"https:\/\/www.vonbergensa.ch\/de\/"},{"@type":"ListItem","position":2,"name":"von Bergen in den Medien"}]},{"@type":"WebSite","@id":"https:\/\/www.vonbergensa.ch\/de\/#website","url":"https:\/\/www.vonbergensa.ch\/de\/","name":"Transports von Bergen SA","description":"","potentialAction":[{"@type":"SearchAction","target":{"@type":"EntryPoint","urlTemplate":"https:\/\/www.vonbergensa.ch\/de\/?s={search_term_string}"},"query-input":{"@type":"PropertyValueSpecification","valueRequired":true,"valueName":"search_term_string"}}],"inLanguage":"de"}]}},"_links":{"self":[{"href":"https:\/\/www.vonbergensa.ch\/de\/wp-json\/wp\/v2\/pages\/751","targetHints":{"allow":["GET"]}}],"collection":[{"href":"https:\/\/www.vonbergensa.ch\/de\/wp-json\/wp\/v2\/pages"}],"about":[{"href":"https:\/\/www.vonbergensa.ch\/de\/wp-json\/wp\/v2\/types\/page"}],"author":[{"embeddable":true,"href":"https:\/\/www.vonbergensa.ch\/de\/wp-json\/wp\/v2\/users\/2"}],"replies":[{"embeddable":true,"href":"https:\/\/www.vonbergensa.ch\/de\/wp-json\/wp\/v2\/comments?post=751"}],"version-history":[{"count":25,"href":"https:\/\/www.vonbergensa.ch\/de\/wp-json\/wp\/v2\/pages\/751\/revisions"}],"predecessor-version":[{"id":3607,"href":"https:\/\/www.vonbergensa.ch\/de\/wp-json\/wp\/v2\/pages\/751\/revisions\/3607"}],"wp:attachment":[{"href":"https:\/\/www.vonbergensa.ch\/de\/wp-json\/wp\/v2\/media?parent=751"}],"curies":[{"name":"wp","href":"https:\/\/api.w.org\/{rel}","templated":true}]}}